{"id":3880,"date":"2023-01-15T02:08:43","date_gmt":"2023-01-15T01:08:43","guid":{"rendered":"https:\/\/groupabm.com\/?page_id=3880"},"modified":"2023-07-23T18:33:17","modified_gmt":"2023-07-23T16:33:17","slug":"audit","status":"publish","type":"page","link":"https:\/\/groupabm.com\/en\/audit\/","title":{"rendered":"AUDIT"},"content":{"rendered":"\t\t<div data-elementor-type=\"wp-page\" data-elementor-id=\"3880\" class=\"elementor elementor-3880\" data-elementor-post-type=\"page\">\n\t\t\t\t\t\t<section class=\"elementor-section elementor-top-section elementor-element elementor-element-2c0abd6 elementor-section-full_width elementor-section-height-default elementor-section-height-default\" data-id=\"2c0abd6\" data-element_type=\"section\" data-e-type=\"section\">\n\t\t\t\t\t\t<div class=\"elementor-container elementor-column-gap-default\">\n\t\t\t\t\t<div class=\"elementor-column elementor-col-33 elementor-top-column elementor-element elementor-element-9f5dc13\" data-id=\"9f5dc13\" data-element_type=\"column\" data-e-type=\"column\">\n\t\t\t<div class=\"elementor-widget-wrap elementor-element-populated\">\n\t\t\t\t\t\t<div class=\"elementor-element elementor-element-6ceca5c elementor-nav-menu--dropdown-tablet elementor-nav-menu__text-align-aside elementor-nav-menu--toggle elementor-nav-menu--burger elementor-widget elementor-widget-nav-menu\" data-id=\"6ceca5c\" data-element_type=\"widget\" data-e-type=\"widget\" data-settings=\"{&quot;layout&quot;:&quot;vertical&quot;,&quot;sticky&quot;:&quot;top&quot;,&quot;sticky_offset&quot;:100,&quot;sticky_on&quot;:[&quot;desktop&quot;,&quot;tablet&quot;],&quot;submenu_icon&quot;:{&quot;value&quot;:&quot;&lt;svg aria-hidden=\\&quot;true\\&quot; class=\\&quot;e-font-icon-svg e-fas-caret-down\\&quot; viewBox=\\&quot;0 0 320 512\\&quot; xmlns=\\&quot;http:\\\/\\\/www.w3.org\\\/2000\\\/svg\\&quot;&gt;&lt;path d=\\&quot;M31.3 192h257.3c17.8 0 26.7 21.5 14.1 34.1L174.1 354.8c-7.8 7.8-20.5 7.8-28.3 0L17.2 226.1C4.6 213.5 13.5 192 31.3 192z\\&quot;&gt;&lt;\\\/path&gt;&lt;\\\/svg&gt;&quot;,&quot;library&quot;:&quot;fa-solid&quot;},&quot;toggle&quot;:&quot;burger&quot;,&quot;sticky_effects_offset&quot;:0,&quot;sticky_anchor_link_offset&quot;:0}\" data-widget_type=\"nav-menu.default\">\n\t\t\t\t<div class=\"elementor-widget-container\">\n\t\t\t\t\t\t\t\t<nav aria-label=\"Menu\" class=\"elementor-nav-menu--main elementor-nav-menu__container elementor-nav-menu--layout-vertical e--pointer-underline e--animation-fade\">\n\t\t\t\t<ul id=\"menu-1-6ceca5c\" class=\"elementor-nav-menu sm-vertical\"><li class=\"menu-item menu-item-type-post_type menu-item-object-page menu-item-4203\"><a href=\"https:\/\/groupabm.com\/en\/expertise\/\" class=\"elementor-item\">EXPERTISE<\/a><\/li>\n<li class=\"menu-item menu-item-type-post_type menu-item-object-page menu-item-4202\"><a href=\"https:\/\/groupabm.com\/en\/maintenance-predictive\/\" class=\"elementor-item\">MAINTENANCE PR\u00c9DICTIVE<\/a><\/li>\n<li class=\"menu-item menu-item-type-post_type menu-item-object-page menu-item-4201\"><a href=\"https:\/\/groupabm.com\/en\/retro-ingenierie\/\" class=\"elementor-item\">R\u00c9TRO-ING\u00c9NIERIE<\/a><\/li>\n<li class=\"menu-item menu-item-type-post_type menu-item-object-page menu-item-4200\"><a href=\"https:\/\/groupabm.com\/en\/life-science\/\" class=\"elementor-item\">LIFE SCIENCES<\/a><\/li>\n<li class=\"menu-item menu-item-type-post_type menu-item-object-page menu-item-4199\"><a href=\"https:\/\/groupabm.com\/en\/audit\/\" class=\"elementor-item\">AUDIT<\/a><\/li>\n<\/ul>\t\t\t<\/nav>\n\t\t\t\t\t<div class=\"elementor-menu-toggle\" role=\"button\" tabindex=\"0\" aria-label=\"Menu Toggle\" aria-expanded=\"false\">\n\t\t\t<svg aria-hidden=\"true\" role=\"presentation\" class=\"elementor-menu-toggle__icon--open e-font-icon-svg e-fas-plus-square\" viewBox=\"0 0 448 512\" xmlns=\"http:\/\/www.w3.org\/2000\/svg\"><path d=\"M400 32H48C21.5 32 0 53.5 0 80v352c0 26.5 21.5 48 48 48h352c26.5 0 48-21.5 48-48V80c0-26.5-21.5-48-48-48zm-32 252c0 6.6-5.4 12-12 12h-92v92c0 6.6-5.4 12-12 12h-56c-6.6 0-12-5.4-12-12v-92H92c-6.6 0-12-5.4-12-12v-56c0-6.6 5.4-12 12-12h92v-92c0-6.6 5.4-12 12-12h56c6.6 0 12 5.4 12 12v92h92c6.6 0 12 5.4 12 12v56z\"><\/path><\/svg><svg aria-hidden=\"true\" role=\"presentation\" class=\"elementor-menu-toggle__icon--close e-font-icon-svg e-eicon-close\" viewBox=\"0 0 1000 1000\" xmlns=\"http:\/\/www.w3.org\/2000\/svg\"><path d=\"M742 167L500 408 258 167C246 154 233 150 217 150 196 150 179 158 167 167 154 179 150 196 150 212 150 229 154 242 171 254L408 500 167 742C138 771 138 800 167 829 196 858 225 858 254 829L496 587 738 829C750 842 767 846 783 846 800 846 817 842 829 829 842 817 846 804 846 783 846 767 842 750 829 737L588 500 833 258C863 229 863 200 833 171 804 137 775 137 742 167Z\"><\/path><\/svg>\t\t<\/div>\n\t\t\t\t\t<nav class=\"elementor-nav-menu--dropdown elementor-nav-menu__container\" aria-hidden=\"true\">\n\t\t\t\t<ul id=\"menu-2-6ceca5c\" class=\"elementor-nav-menu sm-vertical\"><li class=\"menu-item menu-item-type-post_type menu-item-object-page menu-item-4203\"><a href=\"https:\/\/groupabm.com\/en\/expertise\/\" class=\"elementor-item\" tabindex=\"-1\">EXPERTISE<\/a><\/li>\n<li class=\"menu-item menu-item-type-post_type menu-item-object-page menu-item-4202\"><a href=\"https:\/\/groupabm.com\/en\/maintenance-predictive\/\" class=\"elementor-item\" tabindex=\"-1\">MAINTENANCE PR\u00c9DICTIVE<\/a><\/li>\n<li class=\"menu-item menu-item-type-post_type menu-item-object-page menu-item-4201\"><a href=\"https:\/\/groupabm.com\/en\/retro-ingenierie\/\" class=\"elementor-item\" tabindex=\"-1\">R\u00c9TRO-ING\u00c9NIERIE<\/a><\/li>\n<li class=\"menu-item menu-item-type-post_type menu-item-object-page menu-item-4200\"><a href=\"https:\/\/groupabm.com\/en\/life-science\/\" class=\"elementor-item\" tabindex=\"-1\">LIFE SCIENCES<\/a><\/li>\n<li class=\"menu-item menu-item-type-post_type menu-item-object-page menu-item-4199\"><a href=\"https:\/\/groupabm.com\/en\/audit\/\" class=\"elementor-item\" tabindex=\"-1\">AUDIT<\/a><\/li>\n<\/ul>\t\t\t<\/nav>\n\t\t\t\t\t\t<\/div>\n\t\t\t\t<\/div>\n\t\t\t\t\t<\/div>\n\t\t<\/div>\n\t\t\t\t<div class=\"elementor-column elementor-col-66 elementor-top-column elementor-element elementor-element-faeb88e\" data-id=\"faeb88e\" data-element_type=\"column\" data-e-type=\"column\" data-settings=\"{&quot;background_background&quot;:&quot;classic&quot;}\">\n\t\t\t<div class=\"elementor-widget-wrap elementor-element-populated\">\n\t\t\t\t\t\t<section class=\"elementor-section elementor-inner-section elementor-element elementor-element-bbad4c9 elementor-section-boxed elementor-section-height-default elementor-section-height-default\" data-id=\"bbad4c9\" data-element_type=\"section\" data-e-type=\"section\">\n\t\t\t\t\t\t<div class=\"elementor-container elementor-column-gap-default\">\n\t\t\t\t\t<div class=\"elementor-column elementor-col-50 elementor-inner-column elementor-element elementor-element-4fd3a8c\" data-id=\"4fd3a8c\" data-element_type=\"column\" data-e-type=\"column\" data-settings=\"{&quot;background_background&quot;:&quot;classic&quot;}\">\n\t\t\t<div class=\"elementor-widget-wrap elementor-element-populated\">\n\t\t\t\t\t\t<div class=\"elementor-element elementor-element-1603ba0 elementor-invisible elementor-widget elementor-widget-heading\" data-id=\"1603ba0\" data-element_type=\"widget\" data-e-type=\"widget\" data-settings=\"{&quot;_animation&quot;:&quot;fadeInUp&quot;}\" data-widget_type=\"heading.default\">\n\t\t\t\t<div class=\"elementor-widget-container\">\n\t\t\t\t\t<h1 class=\"elementor-heading-title elementor-size-default\">Audit<\/h1>\t\t\t\t<\/div>\n\t\t\t\t<\/div>\n\t\t\t\t<div class=\"elementor-element elementor-element-7365a5f elementor-invisible elementor-widget elementor-widget-text-editor\" data-id=\"7365a5f\" data-element_type=\"widget\" data-e-type=\"widget\" data-settings=\"{&quot;_animation&quot;:&quot;fadeInUp&quot;}\" data-widget_type=\"text-editor.default\">\n\t\t\t\t<div class=\"elementor-widget-container\">\n\t\t\t\t\t\t\t\t\t<h2 style=\"text-align: left;\">Audit des syst\u00e8mes d\u2019informations<\/h2><p>La conformit\u00e9 de vos syst\u00e8mes d\u2019informations joue un r\u00f4le capital dans votre respect des r\u00e9glementations en vigueur. Compte tenu de la sensibilit\u00e9 des donn\u00e9es que les industriels manipulent, il est in\u00e9vitable de faire de la protection des donn\u00e9es une priorit\u00e9 absolue.<\/p><p>N\u00e9anmoins, nous ne devons pas voir la conformit\u00e9 des syst\u00e8mes d\u2019informations seulement comme une contrainte r\u00e9glementaire, mais comme un moyen concurrentiel avec de nombreuses retomb\u00e9es positives. En effet, il faut souligner que votre disposition d\u2019un excellent niveau de conformit\u00e9 aux r\u00e9glementations combin\u00e9e \u00e0 une bonne ma\u00eetrise des enjeux de votre industrie, facilite la mise en place de projets innovants bas\u00e9s tant sur la collecte des donn\u00e9es que sur l\u2019innovation digitale.<\/p><p>Cette strat\u00e9gie permet \u00e0 votre industrie de faire un \u00e9norme pas en avant en mati\u00e8re d\u2019innovation. Elle vous inscrit par ailleurs dans une d\u00e9marche responsable. Cet avantage comp\u00e9titif vous garantit une position privil\u00e9gi\u00e9e par rapport \u00e0 vos concurrents. Elle vous place dans le secteur comme un acteur qui sait gagner la confiance de ses clients.<\/p><p>Notre audit permet de mesurer finement l\u2019\u00e9cart entre vos exigences et la r\u00e9alit\u00e9 du terrain pour vous donner des conseils de mise en \u0153uvre pr\u00e9cis et atteindre vos ambitions par la mise en place d\u2019un plan d\u2019actions structur\u00e9. Nos auditeurs experts mettront en avant points forts et faiblesses offrant un point de d\u00e9part pour votre strat\u00e9gie d\u2019entreprise. Dans notre offre d\u2019audit, voici une liste non exhaustive des audits assur\u00e9s par nos experts :<\/p><ul><li style=\"list-style-type: none;\"><ul style=\"list-style-type: disc;\"><li><strong>AUD 10<\/strong> : \u00c9tat des lieux et accompagnement \u00e0 la mise en conformit\u00e9 RGPD (GDPR Audits &amp; Advices) ;<\/li><\/ul><\/li><\/ul><ul><li style=\"list-style-type: none;\">\u00a0<\/li><\/ul>\t\t\t\t\t\t\t\t<\/div>\n\t\t\t\t<\/div>\n\t\t\t\t\t<\/div>\n\t\t<\/div>\n\t\t\t\t<div class=\"elementor-column elementor-col-50 elementor-inner-column elementor-element elementor-element-e9b184d\" data-id=\"e9b184d\" data-element_type=\"column\" data-e-type=\"column\" data-settings=\"{&quot;background_background&quot;:&quot;classic&quot;}\">\n\t\t\t<div class=\"elementor-widget-wrap elementor-element-populated\">\n\t\t\t\t\t\t<div class=\"elementor-element elementor-element-14bac72 elementor-invisible elementor-widget elementor-widget-image\" data-id=\"14bac72\" data-element_type=\"widget\" data-e-type=\"widget\" data-settings=\"{&quot;_animation&quot;:&quot;fadeInUp&quot;}\" data-widget_type=\"image.default\">\n\t\t\t\t<div class=\"elementor-widget-container\">\n\t\t\t\t\t\t\t\t\t\t\t\t\t\t\t<img fetchpriority=\"high\" decoding=\"async\" width=\"400\" height=\"250\" src=\"https:\/\/groupabm.com\/wp-content\/uploads\/2023\/04\/Audit.jpg\" class=\"attachment-full size-full wp-image-6633\" alt=\"Audit\" srcset=\"https:\/\/groupabm.com\/wp-content\/uploads\/2023\/04\/Audit.jpg 400w, https:\/\/groupabm.com\/wp-content\/uploads\/2023\/04\/Audit-300x188.jpg 300w, https:\/\/groupabm.com\/wp-content\/uploads\/2023\/04\/Audit-18x12.jpg 18w\" sizes=\"(max-width: 400px) 100vw, 400px\" \/>\t\t\t\t\t\t\t\t\t\t\t\t\t\t\t<\/div>\n\t\t\t\t<\/div>\n\t\t\t\t<div class=\"elementor-element elementor-element-1ab51f3 elementor-align-left elementor-invisible elementor-widget elementor-widget-button\" data-id=\"1ab51f3\" data-element_type=\"widget\" data-e-type=\"widget\" data-settings=\"{&quot;_animation&quot;:&quot;fadeInUp&quot;,&quot;_animation_delay&quot;:1000}\" data-widget_type=\"button.default\">\n\t\t\t\t<div class=\"elementor-widget-container\">\n\t\t\t\t\t\t\t\t\t<div class=\"elementor-button-wrapper\">\n\t\t\t\t\t<a class=\"elementor-button elementor-button-link elementor-size-xs\" href=\"https:\/\/groupabm.com\/contact\/\">\n\t\t\t\t\t\t<span class=\"elementor-button-content-wrapper\">\n\t\t\t\t\t\t\t\t\t<span class=\"elementor-button-text\">Nous contacter<\/span>\n\t\t\t\t\t<\/span>\n\t\t\t\t\t<\/a>\n\t\t\t\t<\/div>\n\t\t\t\t\t\t\t\t<\/div>\n\t\t\t\t<\/div>\n\t\t\t\t<div class=\"elementor-element elementor-element-1f9798f elementor-invisible elementor-widget elementor-widget-text-editor\" data-id=\"1f9798f\" data-element_type=\"widget\" data-e-type=\"widget\" data-settings=\"{&quot;_animation&quot;:&quot;fadeInUp&quot;}\" data-widget_type=\"text-editor.default\">\n\t\t\t\t<div class=\"elementor-widget-container\">\n\t\t\t\t\t\t\t\t\t<ul><li style=\"list-style-type: none;\"><ul style=\"list-style-type: disc;\"><li><strong>AUD 20 <\/strong>: Data Integrity \/ Ma\u00eetrise de l&rsquo;int\u00e9grit\u00e9 des donn\u00e9es et informations ;<\/li><li><strong>AUD 30 <\/strong>:\u00a0<br \/><ul style=\"list-style-type: disc;\"><li>GAP Analysis (<span style=\"text-decoration: underline;\"><a href=\"https:\/\/www.cvo-europe.com\/formation-cvo-europe\/21-cfr-part-11-eres-et-annexe-11-gestion-des-systemes-informatises-et-automatises\" target=\"_blank\" rel=\"noopener\">Eg. 21 CFR Part 11 \/ Annex 11<\/a><\/span>) ;<\/li><li>Audits d&rsquo;\u00e9valuation (Cf 21 CFR Part 11 \/ Annexe 11) ;<\/li><\/ul><\/li><\/ul><\/li><\/ul><ul style=\"list-style-type: disc;\"><li style=\"list-style-type: none;\"><ul style=\"list-style-type: disc;\"><li><strong>AUD 40<\/strong> : Audits des prestataires d\u2019infog\u00e9rance et d&rsquo;h\u00e9bergement de donn\u00e9es (HDS) (Outsourcing and data hosting providers audits) ;<\/li><li><strong>AUD 50<\/strong> : Audits des syst\u00e8mes de gestion (ERP, LIMS, WMS, MES) pour mise en conformit\u00e9 (ERP\/LIMS\/WMS\/MES Audits to upgrade) ;<\/li><li style=\"text-align: left;\"><strong>AUD 60<\/strong> : Audits de conformit\u00e9 des logiciels applicatifs pour l&rsquo;industrie de la sant\u00e9 (Software compliance Audits for the healthcare industry).<\/li><\/ul><\/li><\/ul>\t\t\t\t\t\t\t\t<\/div>\n\t\t\t\t<\/div>\n\t\t\t\t\t<\/div>\n\t\t<\/div>\n\t\t\t\t\t<\/div>\n\t\t<\/section>\n\t\t\t\t\t<\/div>\n\t\t<\/div>\n\t\t\t\t\t<\/div>\n\t\t<\/section>\n\t\t\t\t<\/div>\n\t\t","protected":false},"excerpt":{"rendered":"<p>Audit Audit des syst\u00e8mes d\u2019informations La conformit\u00e9 de vos syst\u00e8mes d\u2019informations joue un r\u00f4le capital dans votre respect des r\u00e9glementations en vigueur. Compte tenu de la sensibilit\u00e9 des donn\u00e9es que les industriels manipulent, il est in\u00e9vitable de faire de la protection des donn\u00e9es une priorit\u00e9 absolue. N\u00e9anmoins, nous ne devons pas voir la conformit\u00e9 des [&hellip;]<\/p>\n","protected":false},"author":1,"featured_media":0,"parent":0,"menu_order":44,"comment_status":"closed","ping_status":"closed","template":"","meta":{"ocean_post_layout":"full-screen","ocean_both_sidebars_style":"","ocean_both_sidebars_content_width":0,"ocean_both_sidebars_sidebars_width":0,"ocean_sidebar":"0","ocean_second_sidebar":"0","ocean_disable_margins":"enable","ocean_add_body_class":"","ocean_shortcode_before_top_bar":"","ocean_shortcode_after_top_bar":"","ocean_shortcode_before_header":"","ocean_shortcode_after_header":"","ocean_has_shortcode":"","ocean_shortcode_after_title":"","ocean_shortcode_before_footer_widgets":"","ocean_shortcode_after_footer_widgets":"","ocean_shortcode_before_footer_bottom":"","ocean_shortcode_after_footer_bottom":"","ocean_display_top_bar":"default","ocean_display_header":"default","ocean_header_style":"","ocean_center_header_left_menu":"0","ocean_custom_header_template":"0","ocean_custom_logo":0,"ocean_custom_retina_logo":0,"ocean_custom_logo_max_width":0,"ocean_custom_logo_tablet_max_width":0,"ocean_custom_logo_mobile_max_width":0,"ocean_custom_logo_max_height":0,"ocean_custom_logo_tablet_max_height":0,"ocean_custom_logo_mobile_max_height":0,"ocean_header_custom_menu":"0","ocean_menu_typo_font_family":"0","ocean_menu_typo_font_subset":"","ocean_menu_typo_font_size":0,"ocean_menu_typo_font_size_tablet":0,"ocean_menu_typo_font_size_mobile":0,"ocean_menu_typo_font_size_unit":"px","ocean_menu_typo_font_weight":"","ocean_menu_typo_font_weight_tablet":"","ocean_menu_typo_font_weight_mobile":"","ocean_menu_typo_transform":"","ocean_menu_typo_transform_tablet":"","ocean_menu_typo_transform_mobile":"","ocean_menu_typo_line_height":0,"ocean_menu_typo_line_height_tablet":0,"ocean_menu_typo_line_height_mobile":0,"ocean_menu_typo_line_height_unit":"","ocean_menu_typo_spacing":0,"ocean_menu_typo_spacing_tablet":0,"ocean_menu_typo_spacing_mobile":0,"ocean_menu_typo_spacing_unit":"","ocean_menu_link_color":"","ocean_menu_link_color_hover":"","ocean_menu_link_color_active":"","ocean_menu_link_background":"","ocean_menu_link_hover_background":"","ocean_menu_link_active_background":"","ocean_menu_social_links_bg":"","ocean_menu_social_hover_links_bg":"","ocean_menu_social_links_color":"","ocean_menu_social_hover_links_color":"","ocean_disable_title":"default","ocean_disable_heading":"default","ocean_post_title":"","ocean_post_subheading":"","ocean_post_title_style":"","ocean_post_title_background_color":"","ocean_post_title_background":0,"ocean_post_title_bg_image_position":"","ocean_post_title_bg_image_attachment":"","ocean_post_title_bg_image_repeat":"","ocean_post_title_bg_image_size":"","ocean_post_title_height":0,"ocean_post_title_bg_overlay":0.5,"ocean_post_title_bg_overlay_color":"","ocean_disable_breadcrumbs":"default","ocean_breadcrumbs_color":"","ocean_breadcrumbs_separator_color":"","ocean_breadcrumbs_links_color":"","ocean_breadcrumbs_links_hover_color":"","ocean_display_footer_widgets":"default","ocean_display_footer_bottom":"default","ocean_custom_footer_template":"0","footnotes":""},"class_list":["post-3880","page","type-page","status-publish","hentry","entry"],"yoast_head":"<!-- This site is optimized with the Yoast SEO plugin v27.4 - https:\/\/yoast.com\/product\/yoast-seo-wordpress\/ -->\n<title>AUDIT - Group ABM<\/title>\n<meta name=\"description\" content=\"Nos audits industriels respectent les r\u00e9glementations en vigueur de la conformit\u00e9 de vos syst\u00e8mes d\u2019informations...\" \/>\n<meta name=\"robots\" content=\"index, follow, max-snippet:-1, max-image-preview:large, max-video-preview:-1\" \/>\n<link rel=\"canonical\" href=\"https:\/\/groupabm.com\/en\/audit\/\" \/>\n<meta property=\"og:locale\" content=\"en_GB\" \/>\n<meta property=\"og:type\" content=\"article\" \/>\n<meta property=\"og:title\" content=\"AUDIT - Group ABM\" \/>\n<meta property=\"og:description\" content=\"Nos audits industriels respectent les r\u00e9glementations en vigueur de la conformit\u00e9 de vos syst\u00e8mes d\u2019informations...\" \/>\n<meta property=\"og:url\" content=\"https:\/\/groupabm.com\/en\/audit\/\" \/>\n<meta property=\"og:site_name\" content=\"Group ABM\" \/>\n<meta property=\"article:publisher\" content=\"https:\/\/www.facebook.com\/GroupABM\/\" \/>\n<meta property=\"article:modified_time\" content=\"2023-07-23T16:33:17+00:00\" \/>\n<meta property=\"og:image\" content=\"https:\/\/groupabm.com\/wp-content\/uploads\/2023\/04\/Audit.jpg\" \/>\n<meta name=\"twitter:card\" content=\"summary_large_image\" \/>\n<meta name=\"twitter:site\" content=\"@GroupementABM\" \/>\n<meta name=\"twitter:label1\" content=\"Estimated reading time\" \/>\n\t<meta name=\"twitter:data1\" content=\"2 minutes\" \/>\n<script type=\"application\/ld+json\" class=\"yoast-schema-graph\">{\"@context\":\"https:\\\/\\\/schema.org\",\"@graph\":[{\"@type\":\"WebPage\",\"@id\":\"https:\\\/\\\/groupabm.com\\\/audit\\\/\",\"url\":\"https:\\\/\\\/groupabm.com\\\/audit\\\/\",\"name\":\"AUDIT - Group ABM\",\"isPartOf\":{\"@id\":\"https:\\\/\\\/groupabm.com\\\/#website\"},\"primaryImageOfPage\":{\"@id\":\"https:\\\/\\\/groupabm.com\\\/audit\\\/#primaryimage\"},\"image\":{\"@id\":\"https:\\\/\\\/groupabm.com\\\/audit\\\/#primaryimage\"},\"thumbnailUrl\":\"https:\\\/\\\/groupabm.com\\\/wp-content\\\/uploads\\\/2023\\\/04\\\/Audit.jpg\",\"datePublished\":\"2023-01-15T01:08:43+00:00\",\"dateModified\":\"2023-07-23T16:33:17+00:00\",\"description\":\"Nos audits industriels respectent les r\u00e9glementations en vigueur de la conformit\u00e9 de vos syst\u00e8mes d\u2019informations...\",\"breadcrumb\":{\"@id\":\"https:\\\/\\\/groupabm.com\\\/audit\\\/#breadcrumb\"},\"inLanguage\":\"en-GB\",\"potentialAction\":[{\"@type\":\"ReadAction\",\"target\":[\"https:\\\/\\\/groupabm.com\\\/audit\\\/\"]}]},{\"@type\":\"ImageObject\",\"inLanguage\":\"en-GB\",\"@id\":\"https:\\\/\\\/groupabm.com\\\/audit\\\/#primaryimage\",\"url\":\"https:\\\/\\\/groupabm.com\\\/wp-content\\\/uploads\\\/2023\\\/04\\\/Audit.jpg\",\"contentUrl\":\"https:\\\/\\\/groupabm.com\\\/wp-content\\\/uploads\\\/2023\\\/04\\\/Audit.jpg\"},{\"@type\":\"BreadcrumbList\",\"@id\":\"https:\\\/\\\/groupabm.com\\\/audit\\\/#breadcrumb\",\"itemListElement\":[{\"@type\":\"ListItem\",\"position\":1,\"name\":\"Accueil\",\"item\":\"https:\\\/\\\/groupabm.com\\\/\"},{\"@type\":\"ListItem\",\"position\":2,\"name\":\"AUDIT\"}]},{\"@type\":\"WebSite\",\"@id\":\"https:\\\/\\\/groupabm.com\\\/#website\",\"url\":\"https:\\\/\\\/groupabm.com\\\/\",\"name\":\"Group ABM\",\"description\":\"Expertise at the service of the industry\",\"publisher\":{\"@id\":\"https:\\\/\\\/groupabm.com\\\/#organization\"},\"potentialAction\":[{\"@type\":\"SearchAction\",\"target\":{\"@type\":\"EntryPoint\",\"urlTemplate\":\"https:\\\/\\\/groupabm.com\\\/?s={search_term_string}\"},\"query-input\":{\"@type\":\"PropertyValueSpecification\",\"valueRequired\":true,\"valueName\":\"search_term_string\"}}],\"inLanguage\":\"en-GB\"},{\"@type\":\"Organization\",\"@id\":\"https:\\\/\\\/groupabm.com\\\/#organization\",\"name\":\"Group ABM\",\"url\":\"https:\\\/\\\/groupabm.com\\\/\",\"logo\":{\"@type\":\"ImageObject\",\"inLanguage\":\"en-GB\",\"@id\":\"https:\\\/\\\/groupabm.com\\\/#\\\/schema\\\/logo\\\/image\\\/\",\"url\":\"https:\\\/\\\/groupabm.com\\\/wp-content\\\/uploads\\\/2023\\\/04\\\/cropped-cropped-Group_ABM_Logo.png\",\"contentUrl\":\"https:\\\/\\\/groupabm.com\\\/wp-content\\\/uploads\\\/2023\\\/04\\\/cropped-cropped-Group_ABM_Logo.png\",\"width\":1051,\"height\":144,\"caption\":\"Group ABM\"},\"image\":{\"@id\":\"https:\\\/\\\/groupabm.com\\\/#\\\/schema\\\/logo\\\/image\\\/\"},\"sameAs\":[\"https:\\\/\\\/www.facebook.com\\\/GroupABM\\\/\",\"https:\\\/\\\/x.com\\\/GroupementABM\",\"https:\\\/\\\/www.linkedin.com\\\/company\\\/groupabm\\\/\"]}]}<\/script>\n<!-- \/ Yoast SEO plugin. -->","yoast_head_json":{"title":"AUDIT - Group ABM","description":"Nos audits industriels respectent les r\u00e9glementations en vigueur de la conformit\u00e9 de vos syst\u00e8mes d\u2019informations...","robots":{"index":"index","follow":"follow","max-snippet":"max-snippet:-1","max-image-preview":"max-image-preview:large","max-video-preview":"max-video-preview:-1"},"canonical":"https:\/\/groupabm.com\/en\/audit\/","og_locale":"en_GB","og_type":"article","og_title":"AUDIT - Group ABM","og_description":"Nos audits industriels respectent les r\u00e9glementations en vigueur de la conformit\u00e9 de vos syst\u00e8mes d\u2019informations...","og_url":"https:\/\/groupabm.com\/en\/audit\/","og_site_name":"Group ABM","article_publisher":"https:\/\/www.facebook.com\/GroupABM\/","article_modified_time":"2023-07-23T16:33:17+00:00","og_image":[{"url":"https:\/\/groupabm.com\/wp-content\/uploads\/2023\/04\/Audit.jpg","type":"","width":"","height":""}],"twitter_card":"summary_large_image","twitter_site":"@GroupementABM","twitter_misc":{"Estimated reading time":"2 minutes"},"schema":{"@context":"https:\/\/schema.org","@graph":[{"@type":"WebPage","@id":"https:\/\/groupabm.com\/audit\/","url":"https:\/\/groupabm.com\/audit\/","name":"AUDIT - Group ABM","isPartOf":{"@id":"https:\/\/groupabm.com\/#website"},"primaryImageOfPage":{"@id":"https:\/\/groupabm.com\/audit\/#primaryimage"},"image":{"@id":"https:\/\/groupabm.com\/audit\/#primaryimage"},"thumbnailUrl":"https:\/\/groupabm.com\/wp-content\/uploads\/2023\/04\/Audit.jpg","datePublished":"2023-01-15T01:08:43+00:00","dateModified":"2023-07-23T16:33:17+00:00","description":"Nos audits industriels respectent les r\u00e9glementations en vigueur de la conformit\u00e9 de vos syst\u00e8mes d\u2019informations...","breadcrumb":{"@id":"https:\/\/groupabm.com\/audit\/#breadcrumb"},"inLanguage":"en-GB","potentialAction":[{"@type":"ReadAction","target":["https:\/\/groupabm.com\/audit\/"]}]},{"@type":"ImageObject","inLanguage":"en-GB","@id":"https:\/\/groupabm.com\/audit\/#primaryimage","url":"https:\/\/groupabm.com\/wp-content\/uploads\/2023\/04\/Audit.jpg","contentUrl":"https:\/\/groupabm.com\/wp-content\/uploads\/2023\/04\/Audit.jpg"},{"@type":"BreadcrumbList","@id":"https:\/\/groupabm.com\/audit\/#breadcrumb","itemListElement":[{"@type":"ListItem","position":1,"name":"Accueil","item":"https:\/\/groupabm.com\/"},{"@type":"ListItem","position":2,"name":"AUDIT"}]},{"@type":"WebSite","@id":"https:\/\/groupabm.com\/#website","url":"https:\/\/groupabm.com\/","name":"Group ABM","description":"Expertise at the service of the industry","publisher":{"@id":"https:\/\/groupabm.com\/#organization"},"potentialAction":[{"@type":"SearchAction","target":{"@type":"EntryPoint","urlTemplate":"https:\/\/groupabm.com\/?s={search_term_string}"},"query-input":{"@type":"PropertyValueSpecification","valueRequired":true,"valueName":"search_term_string"}}],"inLanguage":"en-GB"},{"@type":"Organization","@id":"https:\/\/groupabm.com\/#organization","name":"Group ABM","url":"https:\/\/groupabm.com\/","logo":{"@type":"ImageObject","inLanguage":"en-GB","@id":"https:\/\/groupabm.com\/#\/schema\/logo\/image\/","url":"https:\/\/groupabm.com\/wp-content\/uploads\/2023\/04\/cropped-cropped-Group_ABM_Logo.png","contentUrl":"https:\/\/groupabm.com\/wp-content\/uploads\/2023\/04\/cropped-cropped-Group_ABM_Logo.png","width":1051,"height":144,"caption":"Group ABM"},"image":{"@id":"https:\/\/groupabm.com\/#\/schema\/logo\/image\/"},"sameAs":["https:\/\/www.facebook.com\/GroupABM\/","https:\/\/x.com\/GroupementABM","https:\/\/www.linkedin.com\/company\/groupabm\/"]}]}},"_links":{"self":[{"href":"https:\/\/groupabm.com\/en\/wp-json\/wp\/v2\/pages\/3880","targetHints":{"allow":["GET"]}}],"collection":[{"href":"https:\/\/groupabm.com\/en\/wp-json\/wp\/v2\/pages"}],"about":[{"href":"https:\/\/groupabm.com\/en\/wp-json\/wp\/v2\/types\/page"}],"author":[{"embeddable":true,"href":"https:\/\/groupabm.com\/en\/wp-json\/wp\/v2\/users\/1"}],"replies":[{"embeddable":true,"href":"https:\/\/groupabm.com\/en\/wp-json\/wp\/v2\/comments?post=3880"}],"version-history":[{"count":85,"href":"https:\/\/groupabm.com\/en\/wp-json\/wp\/v2\/pages\/3880\/revisions"}],"predecessor-version":[{"id":6864,"href":"https:\/\/groupabm.com\/en\/wp-json\/wp\/v2\/pages\/3880\/revisions\/6864"}],"wp:attachment":[{"href":"https:\/\/groupabm.com\/en\/wp-json\/wp\/v2\/media?parent=3880"}],"curies":[{"name":"wp","href":"https:\/\/api.w.org\/{rel}","templated":true}]}}