{"id":3876,"date":"2023-01-15T02:08:11","date_gmt":"2023-01-15T01:08:11","guid":{"rendered":"https:\/\/groupabm.com\/?page_id=3876"},"modified":"2023-07-23T16:33:07","modified_gmt":"2023-07-23T14:33:07","slug":"retro-ingenierie","status":"publish","type":"page","link":"https:\/\/groupabm.com\/en\/retro-ingenierie\/","title":{"rendered":"REVERSE ENGINEERING"},"content":{"rendered":"\t\t<div data-elementor-type=\"wp-page\" data-elementor-id=\"3876\" class=\"elementor elementor-3876\" data-elementor-post-type=\"page\">\n\t\t\t\t\t\t<section class=\"elementor-section elementor-top-section elementor-element elementor-element-ff5b543 elementor-section-full_width elementor-section-height-default elementor-section-height-default\" data-id=\"ff5b543\" data-element_type=\"section\" data-e-type=\"section\">\n\t\t\t\t\t\t<div class=\"elementor-container elementor-column-gap-default\">\n\t\t\t\t\t<div class=\"elementor-column elementor-col-33 elementor-top-column elementor-element elementor-element-13213d9\" data-id=\"13213d9\" data-element_type=\"column\" data-e-type=\"column\">\n\t\t\t<div class=\"elementor-widget-wrap elementor-element-populated\">\n\t\t\t\t\t\t<div class=\"elementor-element elementor-element-f1985f1 elementor-nav-menu--dropdown-tablet elementor-nav-menu__text-align-aside elementor-nav-menu--toggle elementor-nav-menu--burger elementor-widget elementor-widget-nav-menu\" data-id=\"f1985f1\" data-element_type=\"widget\" data-e-type=\"widget\" data-settings=\"{&quot;layout&quot;:&quot;vertical&quot;,&quot;sticky&quot;:&quot;top&quot;,&quot;sticky_offset&quot;:100,&quot;sticky_on&quot;:[&quot;desktop&quot;,&quot;tablet&quot;],&quot;submenu_icon&quot;:{&quot;value&quot;:&quot;&lt;svg aria-hidden=\\&quot;true\\&quot; class=\\&quot;e-font-icon-svg e-fas-caret-down\\&quot; viewBox=\\&quot;0 0 320 512\\&quot; xmlns=\\&quot;http:\\\/\\\/www.w3.org\\\/2000\\\/svg\\&quot;&gt;&lt;path d=\\&quot;M31.3 192h257.3c17.8 0 26.7 21.5 14.1 34.1L174.1 354.8c-7.8 7.8-20.5 7.8-28.3 0L17.2 226.1C4.6 213.5 13.5 192 31.3 192z\\&quot;&gt;&lt;\\\/path&gt;&lt;\\\/svg&gt;&quot;,&quot;library&quot;:&quot;fa-solid&quot;},&quot;toggle&quot;:&quot;burger&quot;,&quot;sticky_effects_offset&quot;:0,&quot;sticky_anchor_link_offset&quot;:0}\" data-widget_type=\"nav-menu.default\">\n\t\t\t\t<div class=\"elementor-widget-container\">\n\t\t\t\t\t\t\t\t<nav aria-label=\"Menu\" class=\"elementor-nav-menu--main elementor-nav-menu__container elementor-nav-menu--layout-vertical e--pointer-underline e--animation-fade\">\n\t\t\t\t<ul id=\"menu-1-f1985f1\" class=\"elementor-nav-menu sm-vertical\"><li class=\"menu-item menu-item-type-post_type menu-item-object-page menu-item-4203\"><a href=\"https:\/\/groupabm.com\/en\/expertise\/\" class=\"elementor-item\">EXPERTISE<\/a><\/li>\n<li class=\"menu-item menu-item-type-post_type menu-item-object-page menu-item-4202\"><a href=\"https:\/\/groupabm.com\/en\/maintenance-predictive\/\" class=\"elementor-item\">MAINTENANCE PR\u00c9DICTIVE<\/a><\/li>\n<li class=\"menu-item menu-item-type-post_type menu-item-object-page menu-item-4201\"><a href=\"https:\/\/groupabm.com\/en\/retro-ingenierie\/\" class=\"elementor-item\">R\u00c9TRO-ING\u00c9NIERIE<\/a><\/li>\n<li class=\"menu-item menu-item-type-post_type menu-item-object-page menu-item-4200\"><a href=\"https:\/\/groupabm.com\/en\/life-science\/\" class=\"elementor-item\">LIFE SCIENCES<\/a><\/li>\n<li class=\"menu-item menu-item-type-post_type menu-item-object-page menu-item-4199\"><a href=\"https:\/\/groupabm.com\/en\/audit\/\" class=\"elementor-item\">AUDIT<\/a><\/li>\n<\/ul>\t\t\t<\/nav>\n\t\t\t\t\t<div class=\"elementor-menu-toggle\" role=\"button\" tabindex=\"0\" aria-label=\"Menu Toggle\" aria-expanded=\"false\">\n\t\t\t<svg aria-hidden=\"true\" role=\"presentation\" class=\"elementor-menu-toggle__icon--open e-font-icon-svg e-fas-plus-square\" viewBox=\"0 0 448 512\" xmlns=\"http:\/\/www.w3.org\/2000\/svg\"><path d=\"M400 32H48C21.5 32 0 53.5 0 80v352c0 26.5 21.5 48 48 48h352c26.5 0 48-21.5 48-48V80c0-26.5-21.5-48-48-48zm-32 252c0 6.6-5.4 12-12 12h-92v92c0 6.6-5.4 12-12 12h-56c-6.6 0-12-5.4-12-12v-92H92c-6.6 0-12-5.4-12-12v-56c0-6.6 5.4-12 12-12h92v-92c0-6.6 5.4-12 12-12h56c6.6 0 12 5.4 12 12v92h92c6.6 0 12 5.4 12 12v56z\"><\/path><\/svg><svg aria-hidden=\"true\" role=\"presentation\" class=\"elementor-menu-toggle__icon--close e-font-icon-svg e-eicon-close\" viewBox=\"0 0 1000 1000\" xmlns=\"http:\/\/www.w3.org\/2000\/svg\"><path d=\"M742 167L500 408 258 167C246 154 233 150 217 150 196 150 179 158 167 167 154 179 150 196 150 212 150 229 154 242 171 254L408 500 167 742C138 771 138 800 167 829 196 858 225 858 254 829L496 587 738 829C750 842 767 846 783 846 800 846 817 842 829 829 842 817 846 804 846 783 846 767 842 750 829 737L588 500 833 258C863 229 863 200 833 171 804 137 775 137 742 167Z\"><\/path><\/svg>\t\t<\/div>\n\t\t\t\t\t<nav class=\"elementor-nav-menu--dropdown elementor-nav-menu__container\" aria-hidden=\"true\">\n\t\t\t\t<ul id=\"menu-2-f1985f1\" class=\"elementor-nav-menu sm-vertical\"><li class=\"menu-item menu-item-type-post_type menu-item-object-page menu-item-4203\"><a href=\"https:\/\/groupabm.com\/en\/expertise\/\" class=\"elementor-item\" tabindex=\"-1\">EXPERTISE<\/a><\/li>\n<li class=\"menu-item menu-item-type-post_type menu-item-object-page menu-item-4202\"><a href=\"https:\/\/groupabm.com\/en\/maintenance-predictive\/\" class=\"elementor-item\" tabindex=\"-1\">MAINTENANCE PR\u00c9DICTIVE<\/a><\/li>\n<li class=\"menu-item menu-item-type-post_type menu-item-object-page menu-item-4201\"><a href=\"https:\/\/groupabm.com\/en\/retro-ingenierie\/\" class=\"elementor-item\" tabindex=\"-1\">R\u00c9TRO-ING\u00c9NIERIE<\/a><\/li>\n<li class=\"menu-item menu-item-type-post_type menu-item-object-page menu-item-4200\"><a href=\"https:\/\/groupabm.com\/en\/life-science\/\" class=\"elementor-item\" tabindex=\"-1\">LIFE SCIENCES<\/a><\/li>\n<li class=\"menu-item menu-item-type-post_type menu-item-object-page menu-item-4199\"><a href=\"https:\/\/groupabm.com\/en\/audit\/\" class=\"elementor-item\" tabindex=\"-1\">AUDIT<\/a><\/li>\n<\/ul>\t\t\t<\/nav>\n\t\t\t\t\t\t<\/div>\n\t\t\t\t<\/div>\n\t\t\t\t\t<\/div>\n\t\t<\/div>\n\t\t\t\t<div class=\"elementor-column elementor-col-66 elementor-top-column elementor-element elementor-element-a80d294\" data-id=\"a80d294\" data-element_type=\"column\" data-e-type=\"column\" data-settings=\"{&quot;background_background&quot;:&quot;classic&quot;}\">\n\t\t\t<div class=\"elementor-widget-wrap elementor-element-populated\">\n\t\t\t\t\t\t<section class=\"elementor-section elementor-inner-section elementor-element elementor-element-3d0b3d5 elementor-section-boxed elementor-section-height-default elementor-section-height-default\" data-id=\"3d0b3d5\" data-element_type=\"section\" data-e-type=\"section\">\n\t\t\t\t\t\t<div class=\"elementor-container elementor-column-gap-default\">\n\t\t\t\t\t<div class=\"elementor-column elementor-col-50 elementor-inner-column elementor-element elementor-element-781a1e7\" data-id=\"781a1e7\" data-element_type=\"column\" data-e-type=\"column\" data-settings=\"{&quot;background_background&quot;:&quot;classic&quot;}\">\n\t\t\t<div class=\"elementor-widget-wrap elementor-element-populated\">\n\t\t\t\t\t\t<div class=\"elementor-element elementor-element-707f1da elementor-invisible elementor-widget elementor-widget-heading\" data-id=\"707f1da\" data-element_type=\"widget\" data-e-type=\"widget\" data-settings=\"{&quot;_animation&quot;:&quot;fadeInUp&quot;}\" data-widget_type=\"heading.default\">\n\t\t\t\t<div class=\"elementor-widget-container\">\n\t\t\t\t\t<h1 class=\"elementor-heading-title elementor-size-default\">R\u00e9tro-ing\u00e9nierie<\/h1>\t\t\t\t<\/div>\n\t\t\t\t<\/div>\n\t\t\t\t<div class=\"elementor-element elementor-element-36b6352 elementor-invisible elementor-widget elementor-widget-heading\" data-id=\"36b6352\" data-element_type=\"widget\" data-e-type=\"widget\" data-settings=\"{&quot;_animation&quot;:&quot;fadeInUp&quot;}\" data-widget_type=\"heading.default\">\n\t\t\t\t<div class=\"elementor-widget-container\">\n\t\t\t\t\t<h2 class=\"elementor-heading-title elementor-size-default\">Un savoir-faire au service des industriels<\/h2>\t\t\t\t<\/div>\n\t\t\t\t<\/div>\n\t\t\t\t<div class=\"elementor-element elementor-element-f31c9f7 elementor-invisible elementor-widget elementor-widget-text-editor\" data-id=\"f31c9f7\" data-element_type=\"widget\" data-e-type=\"widget\" data-settings=\"{&quot;_animation&quot;:&quot;fadeInUp&quot;}\" data-widget_type=\"text-editor.default\">\n\t\t\t\t<div class=\"elementor-widget-container\">\n\t\t\t\t\t\t\t\t\t<p style=\"text-align: left;\">Aussi rencontr\u00e9e sous sa d\u00e9nomination en anglais de reverse-engineering, la r\u00e9tro-ing\u00e9nierie est capitale en industrie pour r\u00e9soudre des probl\u00e9matiques diverses. Nos ing\u00e9nieurs experts r\u00e9pondent \u00e0 ces difficult\u00e9s industrielles dans diff\u00e9rentes configurations :<\/p><ul><li style=\"list-style-type: none;\"><ul style=\"list-style-type: disc;\"><li>Pi\u00e8ce ou composant hors service mais indisponible ou introuvable sur le march\u00e9 ;<\/li><li>\u00c9quipement en panne, indisponible aupr\u00e8s du constructeur et n\u2019est plus couvert par la garantie ;<\/li><li>Composants dont les prix sont en forte hausse ;<\/li><li>Processus de fabrication \u00e0 maintenir ou \u00e0 r\u00e9nover.<\/li><\/ul><\/li><\/ul><p>Face \u00e0 ces complications, nos ing\u00e9nieurs trouvent pour vos services des solutions alternatives afin de ne pas mettre en d\u00e9faut votre production. Ils posent les diagnostics n\u00e9cessaires et mettent en place des solutions innovantes de pointe.<\/p><p><strong>Group ABM<\/strong> vous aide \u00e9galement \u00e0 identifier le financement le plus comp\u00e9titif \u00e0 travers la proposition de plusieurs solutions.<\/p>\t\t\t\t\t\t\t\t<\/div>\n\t\t\t\t<\/div>\n\t\t\t\t\t<\/div>\n\t\t<\/div>\n\t\t\t\t<div class=\"elementor-column elementor-col-50 elementor-inner-column elementor-element elementor-element-804dd3a\" data-id=\"804dd3a\" data-element_type=\"column\" data-e-type=\"column\" data-settings=\"{&quot;background_background&quot;:&quot;classic&quot;}\">\n\t\t\t<div class=\"elementor-widget-wrap elementor-element-populated\">\n\t\t\t\t\t\t<div class=\"elementor-element elementor-element-ff489c4 elementor-invisible elementor-widget elementor-widget-image\" data-id=\"ff489c4\" data-element_type=\"widget\" data-e-type=\"widget\" data-settings=\"{&quot;_animation&quot;:&quot;fadeInUp&quot;}\" data-widget_type=\"image.default\">\n\t\t\t\t<div class=\"elementor-widget-container\">\n\t\t\t\t\t\t\t\t\t\t\t\t\t\t\t<img fetchpriority=\"high\" decoding=\"async\" width=\"400\" height=\"250\" src=\"https:\/\/groupabm.com\/wp-content\/uploads\/2023\/04\/Retro_ingenierie.jpg\" class=\"attachment-full size-full wp-image-6609\" alt=\"R\u00e9tro ing\u00e9nierie\" srcset=\"https:\/\/groupabm.com\/wp-content\/uploads\/2023\/04\/Retro_ingenierie.jpg 400w, https:\/\/groupabm.com\/wp-content\/uploads\/2023\/04\/Retro_ingenierie-300x188.jpg 300w, https:\/\/groupabm.com\/wp-content\/uploads\/2023\/04\/Retro_ingenierie-18x12.jpg 18w\" sizes=\"(max-width: 400px) 100vw, 400px\" \/>\t\t\t\t\t\t\t\t\t\t\t\t\t\t\t<\/div>\n\t\t\t\t<\/div>\n\t\t\t\t<div class=\"elementor-element elementor-element-a3ccd17 elementor-align-left elementor-invisible elementor-widget elementor-widget-button\" data-id=\"a3ccd17\" data-element_type=\"widget\" data-e-type=\"widget\" data-settings=\"{&quot;_animation&quot;:&quot;fadeInUp&quot;,&quot;_animation_delay&quot;:1000}\" data-widget_type=\"button.default\">\n\t\t\t\t<div class=\"elementor-widget-container\">\n\t\t\t\t\t\t\t\t\t<div class=\"elementor-button-wrapper\">\n\t\t\t\t\t<a class=\"elementor-button elementor-button-link elementor-size-xs\" href=\"https:\/\/groupabm.com\/contact\/\">\n\t\t\t\t\t\t<span class=\"elementor-button-content-wrapper\">\n\t\t\t\t\t\t\t\t\t<span class=\"elementor-button-text\">Nous contacter<\/span>\n\t\t\t\t\t<\/span>\n\t\t\t\t\t<\/a>\n\t\t\t\t<\/div>\n\t\t\t\t\t\t\t\t<\/div>\n\t\t\t\t<\/div>\n\t\t\t\t\t<\/div>\n\t\t<\/div>\n\t\t\t\t\t<\/div>\n\t\t<\/section>\n\t\t\t\t\t<\/div>\n\t\t<\/div>\n\t\t\t\t\t<\/div>\n\t\t<\/section>\n\t\t\t\t<\/div>\n\t\t","protected":false},"excerpt":{"rendered":"<p>R\u00e9tro-ing\u00e9nierie Un savoir-faire au service des industriels Aussi rencontr\u00e9e sous sa d\u00e9nomination en anglais de reverse-engineering, la r\u00e9tro-ing\u00e9nierie est capitale en industrie pour r\u00e9soudre des probl\u00e9matiques diverses. Nos ing\u00e9nieurs experts r\u00e9pondent \u00e0 ces difficult\u00e9s industrielles dans diff\u00e9rentes configurations : Pi\u00e8ce ou composant hors service mais indisponible ou introuvable sur le march\u00e9 ; \u00c9quipement en panne, [&hellip;]<\/p>\n","protected":false},"author":1,"featured_media":0,"parent":0,"menu_order":42,"comment_status":"closed","ping_status":"closed","template":"","meta":{"ocean_post_layout":"full-screen","ocean_both_sidebars_style":"","ocean_both_sidebars_content_width":0,"ocean_both_sidebars_sidebars_width":0,"ocean_sidebar":"0","ocean_second_sidebar":"0","ocean_disable_margins":"enable","ocean_add_body_class":"","ocean_shortcode_before_top_bar":"","ocean_shortcode_after_top_bar":"","ocean_shortcode_before_header":"","ocean_shortcode_after_header":"","ocean_has_shortcode":"","ocean_shortcode_after_title":"","ocean_shortcode_before_footer_widgets":"","ocean_shortcode_after_footer_widgets":"","ocean_shortcode_before_footer_bottom":"","ocean_shortcode_after_footer_bottom":"","ocean_display_top_bar":"default","ocean_display_header":"default","ocean_header_style":"","ocean_center_header_left_menu":"0","ocean_custom_header_template":"0","ocean_custom_logo":0,"ocean_custom_retina_logo":0,"ocean_custom_logo_max_width":0,"ocean_custom_logo_tablet_max_width":0,"ocean_custom_logo_mobile_max_width":0,"ocean_custom_logo_max_height":0,"ocean_custom_logo_tablet_max_height":0,"ocean_custom_logo_mobile_max_height":0,"ocean_header_custom_menu":"0","ocean_menu_typo_font_family":"0","ocean_menu_typo_font_subset":"","ocean_menu_typo_font_size":0,"ocean_menu_typo_font_size_tablet":0,"ocean_menu_typo_font_size_mobile":0,"ocean_menu_typo_font_size_unit":"px","ocean_menu_typo_font_weight":"","ocean_menu_typo_font_weight_tablet":"","ocean_menu_typo_font_weight_mobile":"","ocean_menu_typo_transform":"","ocean_menu_typo_transform_tablet":"","ocean_menu_typo_transform_mobile":"","ocean_menu_typo_line_height":0,"ocean_menu_typo_line_height_tablet":0,"ocean_menu_typo_line_height_mobile":0,"ocean_menu_typo_line_height_unit":"","ocean_menu_typo_spacing":0,"ocean_menu_typo_spacing_tablet":0,"ocean_menu_typo_spacing_mobile":0,"ocean_menu_typo_spacing_unit":"","ocean_menu_link_color":"","ocean_menu_link_color_hover":"","ocean_menu_link_color_active":"","ocean_menu_link_background":"","ocean_menu_link_hover_background":"","ocean_menu_link_active_background":"","ocean_menu_social_links_bg":"","ocean_menu_social_hover_links_bg":"","ocean_menu_social_links_color":"","ocean_menu_social_hover_links_color":"","ocean_disable_title":"default","ocean_disable_heading":"default","ocean_post_title":"","ocean_post_subheading":"","ocean_post_title_style":"","ocean_post_title_background_color":"","ocean_post_title_background":0,"ocean_post_title_bg_image_position":"","ocean_post_title_bg_image_attachment":"","ocean_post_title_bg_image_repeat":"","ocean_post_title_bg_image_size":"","ocean_post_title_height":0,"ocean_post_title_bg_overlay":0.5,"ocean_post_title_bg_overlay_color":"","ocean_disable_breadcrumbs":"default","ocean_breadcrumbs_color":"","ocean_breadcrumbs_separator_color":"","ocean_breadcrumbs_links_color":"","ocean_breadcrumbs_links_hover_color":"","ocean_display_footer_widgets":"default","ocean_display_footer_bottom":"default","ocean_custom_footer_template":"0","footnotes":""},"class_list":["post-3876","page","type-page","status-publish","hentry","entry"],"yoast_head":"<!-- This site is optimized with the Yoast SEO plugin v27.4 - https:\/\/yoast.com\/product\/yoast-seo-wordpress\/ -->\n<title>R\u00c9TRO-ING\u00c9NIERIE - Group ABM<\/title>\n<meta name=\"description\" content=\"L&#039;exp\u00e9rience Group ABM dans la r\u00e9tro-ing\u00e9nierie est capitale dans l&#039;industrie pour r\u00e9soudre des probl\u00e9matiques diverses...\" \/>\n<meta name=\"robots\" content=\"index, follow, max-snippet:-1, max-image-preview:large, max-video-preview:-1\" \/>\n<link rel=\"canonical\" href=\"https:\/\/groupabm.com\/en\/retro-ingenierie\/\" \/>\n<meta property=\"og:locale\" content=\"en_GB\" \/>\n<meta property=\"og:type\" content=\"article\" \/>\n<meta property=\"og:title\" content=\"R\u00c9TRO-ING\u00c9NIERIE - Group ABM\" \/>\n<meta property=\"og:description\" content=\"L&#039;exp\u00e9rience Group ABM dans la r\u00e9tro-ing\u00e9nierie est capitale dans l&#039;industrie pour r\u00e9soudre des probl\u00e9matiques diverses...\" \/>\n<meta property=\"og:url\" content=\"https:\/\/groupabm.com\/en\/retro-ingenierie\/\" \/>\n<meta property=\"og:site_name\" content=\"Group ABM\" \/>\n<meta property=\"article:publisher\" content=\"https:\/\/www.facebook.com\/GroupABM\/\" \/>\n<meta property=\"article:modified_time\" content=\"2023-07-23T14:33:07+00:00\" \/>\n<meta property=\"og:image\" content=\"https:\/\/groupabm.com\/wp-content\/uploads\/2023\/04\/Retro_ingenierie.jpg\" \/>\n<meta name=\"twitter:card\" content=\"summary_large_image\" \/>\n<meta name=\"twitter:site\" content=\"@GroupementABM\" \/>\n<meta name=\"twitter:label1\" content=\"Estimated reading time\" \/>\n\t<meta name=\"twitter:data1\" content=\"1 minute\" \/>\n<script type=\"application\/ld+json\" class=\"yoast-schema-graph\">{\"@context\":\"https:\\\/\\\/schema.org\",\"@graph\":[{\"@type\":\"WebPage\",\"@id\":\"https:\\\/\\\/groupabm.com\\\/retro-ingenierie\\\/\",\"url\":\"https:\\\/\\\/groupabm.com\\\/retro-ingenierie\\\/\",\"name\":\"R\u00c9TRO-ING\u00c9NIERIE - Group ABM\",\"isPartOf\":{\"@id\":\"https:\\\/\\\/groupabm.com\\\/#website\"},\"primaryImageOfPage\":{\"@id\":\"https:\\\/\\\/groupabm.com\\\/retro-ingenierie\\\/#primaryimage\"},\"image\":{\"@id\":\"https:\\\/\\\/groupabm.com\\\/retro-ingenierie\\\/#primaryimage\"},\"thumbnailUrl\":\"https:\\\/\\\/groupabm.com\\\/wp-content\\\/uploads\\\/2023\\\/04\\\/Retro_ingenierie.jpg\",\"datePublished\":\"2023-01-15T01:08:11+00:00\",\"dateModified\":\"2023-07-23T14:33:07+00:00\",\"description\":\"L'exp\u00e9rience Group ABM dans la r\u00e9tro-ing\u00e9nierie est capitale dans l'industrie pour r\u00e9soudre des probl\u00e9matiques diverses...\",\"breadcrumb\":{\"@id\":\"https:\\\/\\\/groupabm.com\\\/retro-ingenierie\\\/#breadcrumb\"},\"inLanguage\":\"en-GB\",\"potentialAction\":[{\"@type\":\"ReadAction\",\"target\":[\"https:\\\/\\\/groupabm.com\\\/retro-ingenierie\\\/\"]}]},{\"@type\":\"ImageObject\",\"inLanguage\":\"en-GB\",\"@id\":\"https:\\\/\\\/groupabm.com\\\/retro-ingenierie\\\/#primaryimage\",\"url\":\"https:\\\/\\\/groupabm.com\\\/wp-content\\\/uploads\\\/2023\\\/04\\\/Retro_ingenierie.jpg\",\"contentUrl\":\"https:\\\/\\\/groupabm.com\\\/wp-content\\\/uploads\\\/2023\\\/04\\\/Retro_ingenierie.jpg\"},{\"@type\":\"BreadcrumbList\",\"@id\":\"https:\\\/\\\/groupabm.com\\\/retro-ingenierie\\\/#breadcrumb\",\"itemListElement\":[{\"@type\":\"ListItem\",\"position\":1,\"name\":\"Accueil\",\"item\":\"https:\\\/\\\/groupabm.com\\\/\"},{\"@type\":\"ListItem\",\"position\":2,\"name\":\"R\u00c9TRO-ING\u00c9NIERIE\"}]},{\"@type\":\"WebSite\",\"@id\":\"https:\\\/\\\/groupabm.com\\\/#website\",\"url\":\"https:\\\/\\\/groupabm.com\\\/\",\"name\":\"Group ABM\",\"description\":\"Expertise at the service of the industry\",\"publisher\":{\"@id\":\"https:\\\/\\\/groupabm.com\\\/#organization\"},\"potentialAction\":[{\"@type\":\"SearchAction\",\"target\":{\"@type\":\"EntryPoint\",\"urlTemplate\":\"https:\\\/\\\/groupabm.com\\\/?s={search_term_string}\"},\"query-input\":{\"@type\":\"PropertyValueSpecification\",\"valueRequired\":true,\"valueName\":\"search_term_string\"}}],\"inLanguage\":\"en-GB\"},{\"@type\":\"Organization\",\"@id\":\"https:\\\/\\\/groupabm.com\\\/#organization\",\"name\":\"Group ABM\",\"url\":\"https:\\\/\\\/groupabm.com\\\/\",\"logo\":{\"@type\":\"ImageObject\",\"inLanguage\":\"en-GB\",\"@id\":\"https:\\\/\\\/groupabm.com\\\/#\\\/schema\\\/logo\\\/image\\\/\",\"url\":\"https:\\\/\\\/groupabm.com\\\/wp-content\\\/uploads\\\/2023\\\/04\\\/cropped-cropped-Group_ABM_Logo.png\",\"contentUrl\":\"https:\\\/\\\/groupabm.com\\\/wp-content\\\/uploads\\\/2023\\\/04\\\/cropped-cropped-Group_ABM_Logo.png\",\"width\":1051,\"height\":144,\"caption\":\"Group ABM\"},\"image\":{\"@id\":\"https:\\\/\\\/groupabm.com\\\/#\\\/schema\\\/logo\\\/image\\\/\"},\"sameAs\":[\"https:\\\/\\\/www.facebook.com\\\/GroupABM\\\/\",\"https:\\\/\\\/x.com\\\/GroupementABM\",\"https:\\\/\\\/www.linkedin.com\\\/company\\\/groupabm\\\/\"]}]}<\/script>\n<!-- \/ Yoast SEO plugin. -->","yoast_head_json":{"title":"R\u00c9TRO-ING\u00c9NIERIE - Group ABM","description":"L'exp\u00e9rience Group ABM dans la r\u00e9tro-ing\u00e9nierie est capitale dans l'industrie pour r\u00e9soudre des probl\u00e9matiques diverses...","robots":{"index":"index","follow":"follow","max-snippet":"max-snippet:-1","max-image-preview":"max-image-preview:large","max-video-preview":"max-video-preview:-1"},"canonical":"https:\/\/groupabm.com\/en\/retro-ingenierie\/","og_locale":"en_GB","og_type":"article","og_title":"R\u00c9TRO-ING\u00c9NIERIE - Group ABM","og_description":"L'exp\u00e9rience Group ABM dans la r\u00e9tro-ing\u00e9nierie est capitale dans l'industrie pour r\u00e9soudre des probl\u00e9matiques diverses...","og_url":"https:\/\/groupabm.com\/en\/retro-ingenierie\/","og_site_name":"Group ABM","article_publisher":"https:\/\/www.facebook.com\/GroupABM\/","article_modified_time":"2023-07-23T14:33:07+00:00","og_image":[{"url":"https:\/\/groupabm.com\/wp-content\/uploads\/2023\/04\/Retro_ingenierie.jpg","type":"","width":"","height":""}],"twitter_card":"summary_large_image","twitter_site":"@GroupementABM","twitter_misc":{"Estimated reading time":"1 minute"},"schema":{"@context":"https:\/\/schema.org","@graph":[{"@type":"WebPage","@id":"https:\/\/groupabm.com\/retro-ingenierie\/","url":"https:\/\/groupabm.com\/retro-ingenierie\/","name":"R\u00c9TRO-ING\u00c9NIERIE - Group ABM","isPartOf":{"@id":"https:\/\/groupabm.com\/#website"},"primaryImageOfPage":{"@id":"https:\/\/groupabm.com\/retro-ingenierie\/#primaryimage"},"image":{"@id":"https:\/\/groupabm.com\/retro-ingenierie\/#primaryimage"},"thumbnailUrl":"https:\/\/groupabm.com\/wp-content\/uploads\/2023\/04\/Retro_ingenierie.jpg","datePublished":"2023-01-15T01:08:11+00:00","dateModified":"2023-07-23T14:33:07+00:00","description":"L'exp\u00e9rience Group ABM dans la r\u00e9tro-ing\u00e9nierie est capitale dans l'industrie pour r\u00e9soudre des probl\u00e9matiques diverses...","breadcrumb":{"@id":"https:\/\/groupabm.com\/retro-ingenierie\/#breadcrumb"},"inLanguage":"en-GB","potentialAction":[{"@type":"ReadAction","target":["https:\/\/groupabm.com\/retro-ingenierie\/"]}]},{"@type":"ImageObject","inLanguage":"en-GB","@id":"https:\/\/groupabm.com\/retro-ingenierie\/#primaryimage","url":"https:\/\/groupabm.com\/wp-content\/uploads\/2023\/04\/Retro_ingenierie.jpg","contentUrl":"https:\/\/groupabm.com\/wp-content\/uploads\/2023\/04\/Retro_ingenierie.jpg"},{"@type":"BreadcrumbList","@id":"https:\/\/groupabm.com\/retro-ingenierie\/#breadcrumb","itemListElement":[{"@type":"ListItem","position":1,"name":"Accueil","item":"https:\/\/groupabm.com\/"},{"@type":"ListItem","position":2,"name":"R\u00c9TRO-ING\u00c9NIERIE"}]},{"@type":"WebSite","@id":"https:\/\/groupabm.com\/#website","url":"https:\/\/groupabm.com\/","name":"Group ABM","description":"Expertise at the service of the industry","publisher":{"@id":"https:\/\/groupabm.com\/#organization"},"potentialAction":[{"@type":"SearchAction","target":{"@type":"EntryPoint","urlTemplate":"https:\/\/groupabm.com\/?s={search_term_string}"},"query-input":{"@type":"PropertyValueSpecification","valueRequired":true,"valueName":"search_term_string"}}],"inLanguage":"en-GB"},{"@type":"Organization","@id":"https:\/\/groupabm.com\/#organization","name":"Group ABM","url":"https:\/\/groupabm.com\/","logo":{"@type":"ImageObject","inLanguage":"en-GB","@id":"https:\/\/groupabm.com\/#\/schema\/logo\/image\/","url":"https:\/\/groupabm.com\/wp-content\/uploads\/2023\/04\/cropped-cropped-Group_ABM_Logo.png","contentUrl":"https:\/\/groupabm.com\/wp-content\/uploads\/2023\/04\/cropped-cropped-Group_ABM_Logo.png","width":1051,"height":144,"caption":"Group ABM"},"image":{"@id":"https:\/\/groupabm.com\/#\/schema\/logo\/image\/"},"sameAs":["https:\/\/www.facebook.com\/GroupABM\/","https:\/\/x.com\/GroupementABM","https:\/\/www.linkedin.com\/company\/groupabm\/"]}]}},"_links":{"self":[{"href":"https:\/\/groupabm.com\/en\/wp-json\/wp\/v2\/pages\/3876","targetHints":{"allow":["GET"]}}],"collection":[{"href":"https:\/\/groupabm.com\/en\/wp-json\/wp\/v2\/pages"}],"about":[{"href":"https:\/\/groupabm.com\/en\/wp-json\/wp\/v2\/types\/page"}],"author":[{"embeddable":true,"href":"https:\/\/groupabm.com\/en\/wp-json\/wp\/v2\/users\/1"}],"replies":[{"embeddable":true,"href":"https:\/\/groupabm.com\/en\/wp-json\/wp\/v2\/comments?post=3876"}],"version-history":[{"count":61,"href":"https:\/\/groupabm.com\/en\/wp-json\/wp\/v2\/pages\/3876\/revisions"}],"predecessor-version":[{"id":6840,"href":"https:\/\/groupabm.com\/en\/wp-json\/wp\/v2\/pages\/3876\/revisions\/6840"}],"wp:attachment":[{"href":"https:\/\/groupabm.com\/en\/wp-json\/wp\/v2\/media?parent=3876"}],"curies":[{"name":"wp","href":"https:\/\/api.w.org\/{rel}","templated":true}]}}