{"id":3548,"date":"2022-12-26T00:43:55","date_gmt":"2022-12-25T23:43:55","guid":{"rendered":"https:\/\/groupabm.com\/?page_id=3548"},"modified":"2023-04-10T17:08:56","modified_gmt":"2023-04-10T15:08:56","slug":"mentions-legales","status":"publish","type":"page","link":"https:\/\/groupabm.com\/en\/mentions-legales\/","title":{"rendered":"Legal Notice"},"content":{"rendered":"<div data-elementor-type=\"wp-page\" data-elementor-id=\"3548\" class=\"elementor elementor-3548\" data-elementor-post-type=\"page\">\n\t\t\t\t\t\t<section class=\"elementor-section elementor-top-section elementor-element elementor-element-9b49db5 elementor-section-boxed elementor-section-height-default elementor-section-height-default\" data-id=\"9b49db5\" data-element_type=\"section\" data-e-type=\"section\">\n\t\t\t\t\t\t<div class=\"elementor-container elementor-column-gap-default\">\n\t\t\t\t\t<div class=\"elementor-column elementor-col-100 elementor-top-column elementor-element elementor-element-461db3a\" data-id=\"461db3a\" data-element_type=\"column\" data-e-type=\"column\">\n\t\t\t<div class=\"elementor-widget-wrap elementor-element-populated\">\n\t\t\t\t\t\t<div class=\"elementor-element elementor-element-9810b2e elementor-widget elementor-widget-heading\" data-id=\"9810b2e\" data-element_type=\"widget\" data-e-type=\"widget\" data-settings=\"{&quot;_animation&quot;:&quot;none&quot;}\" data-widget_type=\"heading.default\">\n\t\t\t\t<div class=\"elementor-widget-container\">\n\t\t\t\t\t<h1 class=\"elementor-heading-title elementor-size-default\">LEGAL NOTICE<\/h1>\t\t\t\t<\/div>\n\t\t\t\t<\/div>\n\t\t\t\t<div class=\"elementor-element elementor-element-60964cb elementor-widget elementor-widget-text-editor\" data-id=\"60964cb\" data-element_type=\"widget\" data-e-type=\"widget\" data-widget_type=\"text-editor.default\">\n\t\t\t\t<div class=\"elementor-widget-container\">\n\t\t\t\t\t\t\t\t\t<p style=\"text-align: center;\">In accordance with the provisions of Articles 6-III and 19 of Law No. 2004-575 of June 21, 2004 for Confidence in the Digital Economy, known as L.C.E.N., we bring to the attention of users and visitors to the site <span style=\"color: #0da3e5;\"><a style=\"color: #0da3e5;\" href=\"https:\/\/groupabm.com\/en\/\" target=\"_blank\" rel=\"noopener\">www.groupabm.com<\/a> <\/span>the following information:<\/p><p style=\"text-align: justify;\"><strong>EDITOR<\/strong><\/p><p>The website <span style=\"color: #0da3e5;\"><a style=\"color: #0da3e5;\" href=\"https:\/\/groupabm.com\/en\/\" target=\"_blank\" rel=\"noopener\">www.groupabm.com<\/a><\/span> is the exclusive property of:<\/p><p style=\"text-align: justify; padding-left: 40px;\">GROUP ABM<br \/>B\u00e2timent Sigma 4<br \/>3 Avenue du Canada<br \/>91940 Les Ulis<br \/>Phone: 01 85 53 94 10<\/p><p style=\"text-align: justify;\">Registered in the Trade and Companies Register of Lille M\u00e9tropole B 890 747 223 under number 89074722300018<\/p><p>SARL with capital of 10,000.00\u20ac<\/p><p style=\"text-align: justify;\">Intra-community TVA number: FR30890747223<br \/>Email address: contact@groupabm.com<\/p><p>Director of publication: Abdelhaq MOUJAHID<br \/>Contact the publication manager: contact@groupabm.com<\/p><p style=\"text-align: justify;\"><strong>ACCOMMODATION<\/strong><\/p><p style=\"text-align: justify;\">The site is hosted by OVH, 2 rue Kellermann 59100 ROUBAIX<\/p><p style=\"text-align: justify;\"><strong>CREDITS<\/strong><\/p><p style=\"text-align: justify;\">The legal notices have been generated by <span style=\"color: #0da3e5;\"><a style=\"color: #0da3e5;\" href=\"https:\/\/www.generer-mentions-legales.com\" target=\"_blank\" rel=\"noopener\">www.generer-mentions-legales.com<\/a><\/span><\/p><p style=\"text-align: justify;\"><strong>DESCRIPTION OF THE SERVICES PROVIDED<\/strong><\/p><p style=\"text-align: justify;\">The website <a style=\"text-align: justify;\" href=\"https:\/\/groupabm.com\/en\/\" target=\"_blank\" rel=\"noopener\"><span style=\"color: #0da3e5;\">www.groupabm.com<\/span><\/a> aims to provide information on all of the company's activities. The site owner strives to provide on the site <span style=\"color: #0da3e5;\"><a style=\"text-align: justify; color: #0da3e5;\" href=\"https:\/\/groupabm.com\/en\/\" target=\"_blank\" rel=\"noopener\">www.groupabm.com<\/a><\/span> information as precise as possible. However, it cannot be held responsible for omissions, inaccuracies and deficiencies in the update, whether by itself or by the third party partners who provide it with this information. All the information offered on the site <span style=\"color: #0da3e5;\"><a style=\"text-align: justify; color: #0da3e5;\" href=\"https:\/\/groupabm.com\/en\/\" target=\"_blank\" rel=\"noopener\">www.groupabm.com<\/a><\/span> are given for information only, are not exhaustive, and are subject to change. They are given subject to modifications having been made since they were put online.<\/p><p><strong>INTELLECTUAL PROPERTY AND INFRINGEMENTS<\/strong><\/p><p>The owner of the site is the owner of the intellectual property rights or holds the rights of use on all the elements accessible on the site, in particular the texts, images, graphics, logo, icons, sounds, software... Any reproduction, representation, modification, publication, total or partial adaptation of the elements of the site, whatever the means or process used, is prohibited, except with prior written authorization by e-mail: contact@groupabm.com. Any unauthorized use of the site or any of these elements it contains will be considered as constituting an infringement and prosecuted in accordance with the provisions of articles L.335-2 and following of the Intellectual Property Code.<\/p><p><strong>HYPERTEXT LINKS AND COOKIES<\/strong><\/p><p>The website <span style=\"color: #0da3e5;\"><a style=\"text-align: justify; color: #0da3e5;\" href=\"https:\/\/groupabm.com\/en\/\" target=\"_blank\" rel=\"noopener\">www.groupabm.com<\/a><\/span> contains a certain number of hypertext links to other sites (partners, information, etc.) set up with the authorization of the site owner. However, the owner of the site does not have the possibility of verifying the content of the sites thus visited and therefore declines all responsibility for this fact when the possible risks of illegal content. The user is informed that during his visits to the site <span style=\"color: #0da3e5;\"><a style=\"text-align: justify; color: #0da3e5;\" href=\"https:\/\/groupabm.com\/en\/\" target=\"_blank\" rel=\"noopener\">www.groupabm.com<\/a><\/span>, one or more cookies are likely to be automatically installed on their computer. A cookie is a small file, which does not allow the identification of the user, but which records information relating to the navigation of a computer on a site. The data thus obtained are intended to facilitate subsequent navigation on the site, and are also intended to allow various measures of attendance. The configuration of the navigation software makes it possible to inform of the presence of cookies and possibly to refuse in the manner described at the following address: <span style=\"color: #0da3e5;\"><a style=\"color: #0da3e5;\" href=\"https:\/\/www.cnil.fr\/\" target=\"_blank\" rel=\"noopener\">www.cnil.fr<\/a><\/span> Refusal to install a cookie may make it impossible to access certain services. The user can however configure his computer as follows, to refuse the installation of cookies: under Internet Explorer: tab tool \/ internet options. Click on Privacy and choose Block all cookies. Validate on Ok. Under Netscape: edition \/ preferences tab. Click on Advanced and choose Disable cookies. Validate on Ok.<\/p><p><strong>PROTECTION OF PROPERTY AND PEOPLE \u2013 MANAGEMENT OF PERSONAL DATA<\/strong><\/p><p>User: Internet user connecting, using the aforementioned site: <span style=\"color: #0da3e5;\"><a style=\"text-align: justify; color: #0da3e5;\" href=\"https:\/\/groupabm.com\/en\/\" target=\"_blank\" rel=\"noopener\">www.groupabm.com<\/a><span style=\"color: #333333;\">.<\/span> <\/span>In France, personal data is notably protected by law n\u00b0 78-87 of January 6, 1978, law n\u00b0 2004-801 of August 6, 2004, article L. 226-13 of the Penal Code and the European Directive of October 24, 1995.<\/p><p>On the site <span style=\"color: #0da3e5;\"><a style=\"text-align: justify; color: #0da3e5;\" href=\"https:\/\/groupabm.com\/en\/\" target=\"_blank\" rel=\"noopener\">www.groupabm.com<\/a><\/span>, the owner of the site only collects personal information relating to the user for the need of certain services offered by the site <span style=\"color: #0da3e5;\"><a style=\"text-align: justify; color: #0da3e5;\" href=\"https:\/\/groupabm.com\/en\/\" target=\"_blank\" rel=\"noopener\">www.groupabm.com<\/a><\/span>. The user provides this information with full knowledge of the facts, in particular when he enters it himself. It is then specified to the user of the site <span style=\"color: #0da3e5;\"><a style=\"text-align: justify; color: #0da3e5;\" href=\"https:\/\/groupabm.com\/en\/\" target=\"_blank\" rel=\"noopener\">www.groupabm.com<\/a><\/span> the obligation or not to provide this information. In accordance with the provisions of articles 38 and following of law 78-17 of January 6, 1978 relating to data processing, files and freedoms, any user has a right of access, rectification, deletion and opposition. personal data concerning him. To exercise this right, send your request to <span style=\"color: #0da3e5;\"><a style=\"text-align: justify; color: #0da3e5;\" href=\"https:\/\/groupabm.com\/en\/\" target=\"_blank\" rel=\"noopener\">www.groupabm.com<\/a><\/span> by e-mail: contact@groupabm.com or by making a written and signed request, accompanied by a copy of the identity document with signature of the holder of the document, specifying the address to which the response must be sent.<\/p><p>No personal information of the user of the site <span style=\"color: #0da3e5;\"><a style=\"text-align: justify; color: #0da3e5;\" href=\"https:\/\/groupabm.com\/en\/\" target=\"_blank\" rel=\"noopener\">www.groupabm.com<\/a> <\/span>is not published without the knowledge of the user, exchanged, transferred, assigned or sold on any medium whatsoever to third parties. Only the hypothesis of the takeover of the site <span style=\"color: #0da3e5;\"><a style=\"text-align: justify; color: #0da3e5;\" href=\"https:\/\/groupabm.com\/en\/\" target=\"_blank\" rel=\"noopener\">www.groupabm.com<\/a><span style=\"color: #333333;\"> at<\/span><\/span> owner and his rights would allow the transmission of said information to the prospective purchaser who would in turn be bound by the same obligation to store and modify data with respect to the user of the site. <span style=\"color: #0da3e5;\"><a style=\"text-align: justify; color: #0da3e5;\" href=\"https:\/\/groupabm.com\/en\/\" target=\"_blank\" rel=\"noopener\">www.groupabm.com<\/a><\/span>.<\/p><p>The website <span style=\"color: #0da3e5;\"><a style=\"text-align: justify; color: #0da3e5;\" href=\"https:\/\/groupabm.com\/en\/\" target=\"_blank\" rel=\"noopener\">www.groupabm.com<\/a><\/span> est en conformit\u00e9 avec le RGPD voir notre <span style=\"color: #0da3e5;\"><a style=\"color: #0da3e5;\" href=\"https:\/\/groupabm.com\/en\/politique-de-confidentialite\/\" target=\"_blank\" rel=\"noopener\">Privacy Policy<\/a><\/span>.<\/p><p>The databases are protected by the provisions of the law of July 1, 1998 transposing directive 96\/9 of March 11, 1996 relating to the legal protection of databases.<\/p>\t\t\t\t\t\t\t\t<\/div>\n\t\t\t\t<\/div>\n\t\t\t\t\t<\/div>\n\t\t<\/div>\n\t\t\t\t\t<\/div>\n\t\t<\/section>\n\t\t\t\t<\/div>","protected":false},"excerpt":{"rendered":"<p>MENTIONS L\u00c9GALES Conform\u00e9ment aux dispositions des articles 6-III et 19 de la Loi n\u00b0 2004-575 du 21 juin 2004 pour La Confiance dans l&rsquo;\u00c9conomie Num\u00e9rique, dite L.C.E.N., nous portons \u00e0 la connaissance des utilisateurs et visiteurs du site www.groupabm.com les informations suivantes : \u00c9DITEUR Le site www.groupabm.com est la propri\u00e9t\u00e9 exclusive de : GROUP ABMB\u00e2timent [&hellip;]<\/p>\n","protected":false},"author":1,"featured_media":0,"parent":0,"menu_order":80,"comment_status":"closed","ping_status":"closed","template":"","meta":{"ocean_post_layout":"","ocean_both_sidebars_style":"","ocean_both_sidebars_content_width":0,"ocean_both_sidebars_sidebars_width":0,"ocean_sidebar":"0","ocean_second_sidebar":"0","ocean_disable_margins":"enable","ocean_add_body_class":"","ocean_shortcode_before_top_bar":"","ocean_shortcode_after_top_bar":"","ocean_shortcode_before_header":"","ocean_shortcode_after_header":"","ocean_has_shortcode":"","ocean_shortcode_after_title":"","ocean_shortcode_before_footer_widgets":"","ocean_shortcode_after_footer_widgets":"","ocean_shortcode_before_footer_bottom":"","ocean_shortcode_after_footer_bottom":"","ocean_display_top_bar":"default","ocean_display_header":"default","ocean_header_style":"","ocean_center_header_left_menu":"0","ocean_custom_header_template":"0","ocean_custom_logo":0,"ocean_custom_retina_logo":0,"ocean_custom_logo_max_width":0,"ocean_custom_logo_tablet_max_width":0,"ocean_custom_logo_mobile_max_width":0,"ocean_custom_logo_max_height":0,"ocean_custom_logo_tablet_max_height":0,"ocean_custom_logo_mobile_max_height":0,"ocean_header_custom_menu":"0","ocean_menu_typo_font_family":"0","ocean_menu_typo_font_subset":"","ocean_menu_typo_font_size":0,"ocean_menu_typo_font_size_tablet":0,"ocean_menu_typo_font_size_mobile":0,"ocean_menu_typo_font_size_unit":"px","ocean_menu_typo_font_weight":"","ocean_menu_typo_font_weight_tablet":"","ocean_menu_typo_font_weight_mobile":"","ocean_menu_typo_transform":"","ocean_menu_typo_transform_tablet":"","ocean_menu_typo_transform_mobile":"","ocean_menu_typo_line_height":0,"ocean_menu_typo_line_height_tablet":0,"ocean_menu_typo_line_height_mobile":0,"ocean_menu_typo_line_height_unit":"","ocean_menu_typo_spacing":0,"ocean_menu_typo_spacing_tablet":0,"ocean_menu_typo_spacing_mobile":0,"ocean_menu_typo_spacing_unit":"","ocean_menu_link_color":"","ocean_menu_link_color_hover":"","ocean_menu_link_color_active":"","ocean_menu_link_background":"","ocean_menu_link_hover_background":"","ocean_menu_link_active_background":"","ocean_menu_social_links_bg":"","ocean_menu_social_hover_links_bg":"","ocean_menu_social_links_color":"","ocean_menu_social_hover_links_color":"","ocean_disable_title":"default","ocean_disable_heading":"default","ocean_post_title":"","ocean_post_subheading":"","ocean_post_title_style":"","ocean_post_title_background_color":"","ocean_post_title_background":0,"ocean_post_title_bg_image_position":"","ocean_post_title_bg_image_attachment":"","ocean_post_title_bg_image_repeat":"","ocean_post_title_bg_image_size":"","ocean_post_title_height":0,"ocean_post_title_bg_overlay":0.5,"ocean_post_title_bg_overlay_color":"","ocean_disable_breadcrumbs":"default","ocean_breadcrumbs_color":"","ocean_breadcrumbs_separator_color":"","ocean_breadcrumbs_links_color":"","ocean_breadcrumbs_links_hover_color":"","ocean_display_footer_widgets":"default","ocean_display_footer_bottom":"default","ocean_custom_footer_template":"0","footnotes":""},"class_list":["post-3548","page","type-page","status-publish","hentry","entry"],"yoast_head":"<!-- This site is optimized with the Yoast SEO plugin v27.4 - https:\/\/yoast.com\/product\/yoast-seo-wordpress\/ -->\n<title>Mentions l\u00e9gales - Group ABM<\/title>\n<meta name=\"description\" content=\"L&#039;activit\u00e9 de la soci\u00e9t\u00e9 GroupABM repose sur l\u2019ing\u00e9nierie, l&#039;expertise, la formation et la distribution de mat\u00e9riel industriel.\" \/>\n<meta name=\"robots\" content=\"noindex, follow\" \/>\n<meta property=\"og:locale\" content=\"en_GB\" \/>\n<meta property=\"og:type\" content=\"article\" \/>\n<meta property=\"og:title\" content=\"Mentions l\u00e9gales - Group ABM\" \/>\n<meta property=\"og:description\" content=\"L&#039;activit\u00e9 de la soci\u00e9t\u00e9 GroupABM repose sur l\u2019ing\u00e9nierie, l&#039;expertise, la formation et la distribution de mat\u00e9riel industriel.\" \/>\n<meta property=\"og:url\" content=\"https:\/\/groupabm.com\/en\/mentions-legales\/\" \/>\n<meta property=\"og:site_name\" content=\"Group ABM\" \/>\n<meta property=\"article:publisher\" content=\"https:\/\/www.facebook.com\/GroupABM\/\" \/>\n<meta property=\"article:modified_time\" content=\"2023-04-10T15:08:56+00:00\" \/>\n<meta property=\"og:image\" content=\"https:\/\/groupabm.com\/wp-content\/uploads\/2023\/04\/Group_ABM.jpg\" \/>\n\t<meta property=\"og:image:width\" content=\"720\" \/>\n\t<meta property=\"og:image:height\" content=\"351\" \/>\n\t<meta property=\"og:image:type\" content=\"image\/jpeg\" \/>\n<meta name=\"twitter:card\" content=\"summary_large_image\" \/>\n<meta name=\"twitter:site\" content=\"@GroupementABM\" \/>\n<meta name=\"twitter:label1\" content=\"Estimated reading time\" \/>\n\t<meta name=\"twitter:data1\" content=\"5 minutes\" \/>\n<script type=\"application\/ld+json\" class=\"yoast-schema-graph\">{\"@context\":\"https:\\\/\\\/schema.org\",\"@graph\":[{\"@type\":\"WebPage\",\"@id\":\"https:\\\/\\\/groupabm.com\\\/mentions-legales\\\/\",\"url\":\"https:\\\/\\\/groupabm.com\\\/mentions-legales\\\/\",\"name\":\"Mentions l\u00e9gales - Group ABM\",\"isPartOf\":{\"@id\":\"https:\\\/\\\/groupabm.com\\\/#website\"},\"datePublished\":\"2022-12-25T23:43:55+00:00\",\"dateModified\":\"2023-04-10T15:08:56+00:00\",\"description\":\"L'activit\u00e9 de la soci\u00e9t\u00e9 GroupABM repose sur l\u2019ing\u00e9nierie, l'expertise, la formation et la distribution de mat\u00e9riel industriel.\",\"breadcrumb\":{\"@id\":\"https:\\\/\\\/groupabm.com\\\/mentions-legales\\\/#breadcrumb\"},\"inLanguage\":\"en-GB\",\"potentialAction\":[{\"@type\":\"ReadAction\",\"target\":[\"https:\\\/\\\/groupabm.com\\\/mentions-legales\\\/\"]}]},{\"@type\":\"BreadcrumbList\",\"@id\":\"https:\\\/\\\/groupabm.com\\\/mentions-legales\\\/#breadcrumb\",\"itemListElement\":[{\"@type\":\"ListItem\",\"position\":1,\"name\":\"Accueil\",\"item\":\"https:\\\/\\\/groupabm.com\\\/\"},{\"@type\":\"ListItem\",\"position\":2,\"name\":\"Mentions l\u00e9gales\"}]},{\"@type\":\"WebSite\",\"@id\":\"https:\\\/\\\/groupabm.com\\\/#website\",\"url\":\"https:\\\/\\\/groupabm.com\\\/\",\"name\":\"Group ABM\",\"description\":\"Expertise at the service of the industry\",\"publisher\":{\"@id\":\"https:\\\/\\\/groupabm.com\\\/#organization\"},\"potentialAction\":[{\"@type\":\"SearchAction\",\"target\":{\"@type\":\"EntryPoint\",\"urlTemplate\":\"https:\\\/\\\/groupabm.com\\\/?s={search_term_string}\"},\"query-input\":{\"@type\":\"PropertyValueSpecification\",\"valueRequired\":true,\"valueName\":\"search_term_string\"}}],\"inLanguage\":\"en-GB\"},{\"@type\":\"Organization\",\"@id\":\"https:\\\/\\\/groupabm.com\\\/#organization\",\"name\":\"Group ABM\",\"url\":\"https:\\\/\\\/groupabm.com\\\/\",\"logo\":{\"@type\":\"ImageObject\",\"inLanguage\":\"en-GB\",\"@id\":\"https:\\\/\\\/groupabm.com\\\/#\\\/schema\\\/logo\\\/image\\\/\",\"url\":\"https:\\\/\\\/groupabm.com\\\/wp-content\\\/uploads\\\/2023\\\/04\\\/cropped-cropped-Group_ABM_Logo.png\",\"contentUrl\":\"https:\\\/\\\/groupabm.com\\\/wp-content\\\/uploads\\\/2023\\\/04\\\/cropped-cropped-Group_ABM_Logo.png\",\"width\":1051,\"height\":144,\"caption\":\"Group ABM\"},\"image\":{\"@id\":\"https:\\\/\\\/groupabm.com\\\/#\\\/schema\\\/logo\\\/image\\\/\"},\"sameAs\":[\"https:\\\/\\\/www.facebook.com\\\/GroupABM\\\/\",\"https:\\\/\\\/x.com\\\/GroupementABM\",\"https:\\\/\\\/www.linkedin.com\\\/company\\\/groupabm\\\/\"]}]}<\/script>\n<!-- \/ Yoast SEO plugin. -->","yoast_head_json":{"title":"Mentions l\u00e9gales - Group ABM","description":"L'activit\u00e9 de la soci\u00e9t\u00e9 GroupABM repose sur l\u2019ing\u00e9nierie, l'expertise, la formation et la distribution de mat\u00e9riel industriel.","robots":{"index":"noindex","follow":"follow"},"og_locale":"en_GB","og_type":"article","og_title":"Mentions l\u00e9gales - Group ABM","og_description":"L'activit\u00e9 de la soci\u00e9t\u00e9 GroupABM repose sur l\u2019ing\u00e9nierie, l'expertise, la formation et la distribution de mat\u00e9riel industriel.","og_url":"https:\/\/groupabm.com\/en\/mentions-legales\/","og_site_name":"Group ABM","article_publisher":"https:\/\/www.facebook.com\/GroupABM\/","article_modified_time":"2023-04-10T15:08:56+00:00","og_image":[{"width":720,"height":351,"url":"https:\/\/groupabm.com\/wp-content\/uploads\/2023\/04\/Group_ABM.jpg","type":"image\/jpeg"}],"twitter_card":"summary_large_image","twitter_site":"@GroupementABM","twitter_misc":{"Estimated reading time":"5 minutes"},"schema":{"@context":"https:\/\/schema.org","@graph":[{"@type":"WebPage","@id":"https:\/\/groupabm.com\/mentions-legales\/","url":"https:\/\/groupabm.com\/mentions-legales\/","name":"Mentions l\u00e9gales - Group ABM","isPartOf":{"@id":"https:\/\/groupabm.com\/#website"},"datePublished":"2022-12-25T23:43:55+00:00","dateModified":"2023-04-10T15:08:56+00:00","description":"L'activit\u00e9 de la soci\u00e9t\u00e9 GroupABM repose sur l\u2019ing\u00e9nierie, l'expertise, la formation et la distribution de mat\u00e9riel industriel.","breadcrumb":{"@id":"https:\/\/groupabm.com\/mentions-legales\/#breadcrumb"},"inLanguage":"en-GB","potentialAction":[{"@type":"ReadAction","target":["https:\/\/groupabm.com\/mentions-legales\/"]}]},{"@type":"BreadcrumbList","@id":"https:\/\/groupabm.com\/mentions-legales\/#breadcrumb","itemListElement":[{"@type":"ListItem","position":1,"name":"Accueil","item":"https:\/\/groupabm.com\/"},{"@type":"ListItem","position":2,"name":"Mentions l\u00e9gales"}]},{"@type":"WebSite","@id":"https:\/\/groupabm.com\/#website","url":"https:\/\/groupabm.com\/","name":"Group ABM","description":"Expertise at the service of the industry","publisher":{"@id":"https:\/\/groupabm.com\/#organization"},"potentialAction":[{"@type":"SearchAction","target":{"@type":"EntryPoint","urlTemplate":"https:\/\/groupabm.com\/?s={search_term_string}"},"query-input":{"@type":"PropertyValueSpecification","valueRequired":true,"valueName":"search_term_string"}}],"inLanguage":"en-GB"},{"@type":"Organization","@id":"https:\/\/groupabm.com\/#organization","name":"Group ABM","url":"https:\/\/groupabm.com\/","logo":{"@type":"ImageObject","inLanguage":"en-GB","@id":"https:\/\/groupabm.com\/#\/schema\/logo\/image\/","url":"https:\/\/groupabm.com\/wp-content\/uploads\/2023\/04\/cropped-cropped-Group_ABM_Logo.png","contentUrl":"https:\/\/groupabm.com\/wp-content\/uploads\/2023\/04\/cropped-cropped-Group_ABM_Logo.png","width":1051,"height":144,"caption":"Group ABM"},"image":{"@id":"https:\/\/groupabm.com\/#\/schema\/logo\/image\/"},"sameAs":["https:\/\/www.facebook.com\/GroupABM\/","https:\/\/x.com\/GroupementABM","https:\/\/www.linkedin.com\/company\/groupabm\/"]}]}},"_links":{"self":[{"href":"https:\/\/groupabm.com\/en\/wp-json\/wp\/v2\/pages\/3548","targetHints":{"allow":["GET"]}}],"collection":[{"href":"https:\/\/groupabm.com\/en\/wp-json\/wp\/v2\/pages"}],"about":[{"href":"https:\/\/groupabm.com\/en\/wp-json\/wp\/v2\/types\/page"}],"author":[{"embeddable":true,"href":"https:\/\/groupabm.com\/en\/wp-json\/wp\/v2\/users\/1"}],"replies":[{"embeddable":true,"href":"https:\/\/groupabm.com\/en\/wp-json\/wp\/v2\/comments?post=3548"}],"version-history":[{"count":43,"href":"https:\/\/groupabm.com\/en\/wp-json\/wp\/v2\/pages\/3548\/revisions"}],"predecessor-version":[{"id":6513,"href":"https:\/\/groupabm.com\/en\/wp-json\/wp\/v2\/pages\/3548\/revisions\/6513"}],"wp:attachment":[{"href":"https:\/\/groupabm.com\/en\/wp-json\/wp\/v2\/media?parent=3548"}],"curies":[{"name":"wp","href":"https:\/\/api.w.org\/{rel}","templated":true}]}}