{"id":3546,"date":"2023-01-14T22:13:35","date_gmt":"2023-01-14T21:13:35","guid":{"rendered":"https:\/\/groupabm.com\/?page_id=3546"},"modified":"2023-07-23T18:58:57","modified_gmt":"2023-07-23T16:58:57","slug":"formation","status":"publish","type":"page","link":"https:\/\/groupabm.com\/en\/formation\/","title":{"rendered":"TRAINING"},"content":{"rendered":"<div data-elementor-type=\"wp-page\" data-elementor-id=\"3546\" class=\"elementor elementor-3546\" data-elementor-post-type=\"page\">\n\t\t\t\t\t\t<section class=\"elementor-section elementor-top-section elementor-element elementor-element-6d07d25a elementor-section-full_width elementor-section-height-default elementor-section-height-default\" data-id=\"6d07d25a\" data-element_type=\"section\" data-e-type=\"section\">\n\t\t\t\t\t\t<div class=\"elementor-container elementor-column-gap-default\">\n\t\t\t\t\t<div class=\"elementor-column elementor-col-25 elementor-top-column elementor-element elementor-element-4f312f83\" data-id=\"4f312f83\" data-element_type=\"column\" data-e-type=\"column\">\n\t\t\t<div class=\"elementor-widget-wrap\">\n\t\t\t\t\t\t\t<\/div>\n\t\t<\/div>\n\t\t\t\t<div class=\"elementor-column elementor-col-25 elementor-top-column elementor-element elementor-element-69192d47\" data-id=\"69192d47\" data-element_type=\"column\" data-e-type=\"column\" data-settings=\"{&quot;background_background&quot;:&quot;classic&quot;}\">\n\t\t\t<div class=\"elementor-widget-wrap elementor-element-populated\">\n\t\t\t\t\t\t<div class=\"elementor-element elementor-element-1b9be98c elementor-invisible elementor-widget elementor-widget-heading\" data-id=\"1b9be98c\" data-element_type=\"widget\" data-e-type=\"widget\" data-settings=\"{&quot;_animation&quot;:&quot;fadeInUp&quot;}\" data-widget_type=\"heading.default\">\n\t\t\t\t<div class=\"elementor-widget-container\">\n\t\t\t\t\t<h1 class=\"elementor-heading-title elementor-size-default\">Training <\/h1>\t\t\t\t<\/div>\n\t\t\t\t<\/div>\n\t\t\t\t<div class=\"elementor-element elementor-element-154aa54 elementor-widget-divider--view-line elementor-invisible elementor-widget elementor-widget-divider\" data-id=\"154aa54\" data-element_type=\"widget\" data-e-type=\"widget\" data-settings=\"{&quot;_animation&quot;:&quot;fadeInLeft&quot;}\" data-widget_type=\"divider.default\">\n\t\t\t\t<div class=\"elementor-widget-container\">\n\t\t\t\t\t\t\t<div class=\"elementor-divider\">\n\t\t\t<span class=\"elementor-divider-separator\">\n\t\t\t\t\t\t<\/span>\n\t\t<\/div>\n\t\t\t\t\t\t<\/div>\n\t\t\t\t<\/div>\n\t\t\t\t<div class=\"elementor-element elementor-element-16d90afd elementor-invisible elementor-widget elementor-widget-heading\" data-id=\"16d90afd\" data-element_type=\"widget\" data-e-type=\"widget\" data-settings=\"{&quot;_animation&quot;:&quot;fadeInUp&quot;}\" data-widget_type=\"heading.default\">\n\t\t\t\t<div class=\"elementor-widget-container\">\n\t\t\t\t\t<h2 class=\"elementor-heading-title elementor-size-default\">Strategic management<\/h2>\t\t\t\t<\/div>\n\t\t\t\t<\/div>\n\t\t\t\t<div class=\"elementor-element elementor-element-20883b37 elementor-invisible elementor-widget elementor-widget-text-editor\" data-id=\"20883b37\" data-element_type=\"widget\" data-e-type=\"widget\" data-settings=\"{&quot;_animation&quot;:&quot;fadeInUp&quot;}\" data-widget_type=\"text-editor.default\">\n\t\t\t\t<div class=\"elementor-widget-container\">\n\t\t\t\t\t\t\t\t\t<p style=\"text-align: left;\">Occuper une position d\u00e9cisionnelle au sein de l\u2019entreprise conduit \u00e0 de nombreux challenges. Il faut d\u00e9terminer une vision propre \u00e0 celle-ci, d\u00e9finir des strat\u00e9gies, d\u00e9velopper son potentiel et faire des choix justes. Gr\u00e2ce au management strat\u00e9gique, tout se met en \u0153uvre pour assurer la p\u00e9rennit\u00e9 de la soci\u00e9t\u00e9 et prendre les bonnes d\u00e9cisions au moment opportun. Que vous soyez dirigeant d\u2019entreprise aguerri, jeune entrepreneur, chef de projets ou cadre confirm\u00e9, Group ABM met \u00e0 votre disposition sa formation en management strat\u00e9gique. Elle vous permet de monter en comp\u00e9tences rapidement.<\/p>\t\t\t\t\t\t\t\t<\/div>\n\t\t\t\t<\/div>\n\t\t\t\t<div class=\"elementor-element elementor-element-da5e430 elementor-align-left elementor-invisible elementor-widget elementor-widget-button\" data-id=\"da5e430\" data-element_type=\"widget\" data-e-type=\"widget\" data-settings=\"{&quot;_animation&quot;:&quot;fadeInUp&quot;,&quot;_animation_delay&quot;:1000}\" data-widget_type=\"button.default\">\n\t\t\t\t<div class=\"elementor-widget-container\">\n\t\t\t\t\t\t\t\t\t<div class=\"elementor-button-wrapper\">\n\t\t\t\t\t<a class=\"elementor-button elementor-button-link elementor-size-xs\" href=\"https:\/\/groupabm.com\/en\/management-strategique\/\">\n\t\t\t\t\t\t<span class=\"elementor-button-content-wrapper\">\n\t\t\t\t\t\t<span class=\"elementor-button-icon\">\n\t\t\t\t<svg aria-hidden=\"true\" class=\"e-font-icon-svg e-far-arrow-alt-circle-right\" viewbox=\"0 0 512 512\" xmlns=\"http:\/\/www.w3.org\/2000\/svg\"><path d=\"M504 256C504 119 393 8 256 8S8 119 8 256s111 248 248 248 248-111 248-248zm-448 0c0-110.5 89.5-200 200-200s200 89.5 200 200-89.5 200-200 200S56 366.5 56 256zm72 20v-40c0-6.6 5.4-12 12-12h116v-67c0-10.7 12.9-16 20.5-8.5l99 99c4.7 4.7 4.7 12.3 0 17l-99 99c-7.6 7.6-20.5 2.2-20.5-8.5v-67H140c-6.6 0-12-5.4-12-12z\"><\/path><\/svg>\t\t\t<\/span>\n\t\t\t\t\t\t\t\t\t<span class=\"elementor-button-text\">Read more<\/span>\n\t\t\t\t\t<\/span>\n\t\t\t\t\t<\/a>\n\t\t\t\t<\/div>\n\t\t\t\t\t\t\t\t<\/div>\n\t\t\t\t<\/div>\n\t\t\t\t\t<\/div>\n\t\t<\/div>\n\t\t\t\t<div class=\"elementor-column elementor-col-25 elementor-top-column elementor-element elementor-element-28d4a3a0\" data-id=\"28d4a3a0\" data-element_type=\"column\" data-e-type=\"column\" data-settings=\"{&quot;background_background&quot;:&quot;classic&quot;}\">\n\t\t\t<div class=\"elementor-widget-wrap elementor-element-populated\">\n\t\t\t\t\t\t<div class=\"elementor-element elementor-element-59dd49d elementor-invisible elementor-widget elementor-widget-heading\" data-id=\"59dd49d\" data-element_type=\"widget\" data-e-type=\"widget\" data-settings=\"{&quot;_animation&quot;:&quot;fadeInUp&quot;}\" data-widget_type=\"heading.default\">\n\t\t\t\t<div class=\"elementor-widget-container\">\n\t\t\t\t\t<h2 class=\"elementor-heading-title elementor-size-default\">Compliance training<\/h2>\t\t\t\t<\/div>\n\t\t\t\t<\/div>\n\t\t\t\t<div class=\"elementor-element elementor-element-4ca0084 elementor-invisible elementor-widget elementor-widget-text-editor\" data-id=\"4ca0084\" data-element_type=\"widget\" data-e-type=\"widget\" data-settings=\"{&quot;_animation&quot;:&quot;fadeInUp&quot;}\" data-widget_type=\"text-editor.default\">\n\t\t\t\t<div class=\"elementor-widget-container\">\n\t\t\t\t\t\t\t\t\t<p style=\"text-align: left;\">La formation est essentielle pour garantir qu\u2019op\u00e9rateurs, ing\u00e9nieurs et responsables se dotent des comp\u00e9tences et des connaissances appropri\u00e9es. Nous sommes convaincus qu\u2019investir dans son personnel, en le formant, garantie que les comp\u00e9tences de chacun, ainsi que leur niveau de satisfaction, ne cessent de cro\u00eetre.<\/p>\t\t\t\t\t\t\t\t<\/div>\n\t\t\t\t<\/div>\n\t\t\t\t<div class=\"elementor-element elementor-element-9fb4ccd elementor-align-left elementor-invisible elementor-widget elementor-widget-button\" data-id=\"9fb4ccd\" data-element_type=\"widget\" data-e-type=\"widget\" data-settings=\"{&quot;_animation&quot;:&quot;fadeInUp&quot;,&quot;_animation_delay&quot;:1000}\" data-widget_type=\"button.default\">\n\t\t\t\t<div class=\"elementor-widget-container\">\n\t\t\t\t\t\t\t\t\t<div class=\"elementor-button-wrapper\">\n\t\t\t\t\t<a class=\"elementor-button elementor-button-link elementor-size-xs\" href=\"https:\/\/groupabm.com\/en\/formation-conformite\/\">\n\t\t\t\t\t\t<span class=\"elementor-button-content-wrapper\">\n\t\t\t\t\t\t<span class=\"elementor-button-icon\">\n\t\t\t\t<svg aria-hidden=\"true\" class=\"e-font-icon-svg e-far-arrow-alt-circle-right\" viewbox=\"0 0 512 512\" xmlns=\"http:\/\/www.w3.org\/2000\/svg\"><path d=\"M504 256C504 119 393 8 256 8S8 119 8 256s111 248 248 248 248-111 248-248zm-448 0c0-110.5 89.5-200 200-200s200 89.5 200 200-89.5 200-200 200S56 366.5 56 256zm72 20v-40c0-6.6 5.4-12 12-12h116v-67c0-10.7 12.9-16 20.5-8.5l99 99c4.7 4.7 4.7 12.3 0 17l-99 99c-7.6 7.6-20.5 2.2-20.5-8.5v-67H140c-6.6 0-12-5.4-12-12z\"><\/path><\/svg>\t\t\t<\/span>\n\t\t\t\t\t\t\t\t\t<span class=\"elementor-button-text\">Read more<\/span>\n\t\t\t\t\t<\/span>\n\t\t\t\t\t<\/a>\n\t\t\t\t<\/div>\n\t\t\t\t\t\t\t\t<\/div>\n\t\t\t\t<\/div>\n\t\t\t\t\t<\/div>\n\t\t<\/div>\n\t\t\t\t<div class=\"elementor-column elementor-col-25 elementor-top-column elementor-element elementor-element-2f473d6d\" data-id=\"2f473d6d\" data-element_type=\"column\" data-e-type=\"column\" data-settings=\"{&quot;background_background&quot;:&quot;classic&quot;}\">\n\t\t\t<div class=\"elementor-widget-wrap\">\n\t\t\t\t\t\t\t<\/div>\n\t\t<\/div>\n\t\t\t\t\t<\/div>\n\t\t<\/section>\n\t\t\t\t<\/div>","protected":false},"excerpt":{"rendered":"<p>Formation Management strat\u00e9gique Occuper une position d\u00e9cisionnelle au sein de l\u2019entreprise conduit \u00e0 de nombreux challenges. Il faut d\u00e9terminer une vision propre \u00e0 celle-ci, d\u00e9finir des strat\u00e9gies, d\u00e9velopper son potentiel et faire des choix justes. Gr\u00e2ce au management strat\u00e9gique, tout se met en \u0153uvre pour assurer la p\u00e9rennit\u00e9 de la soci\u00e9t\u00e9 et prendre les bonnes [&hellip;]<\/p>\n","protected":false},"author":1,"featured_media":0,"parent":0,"menu_order":50,"comment_status":"closed","ping_status":"closed","template":"","meta":{"ocean_post_layout":"full-screen","ocean_both_sidebars_style":"","ocean_both_sidebars_content_width":0,"ocean_both_sidebars_sidebars_width":0,"ocean_sidebar":"0","ocean_second_sidebar":"0","ocean_disable_margins":"enable","ocean_add_body_class":"","ocean_shortcode_before_top_bar":"","ocean_shortcode_after_top_bar":"","ocean_shortcode_before_header":"","ocean_shortcode_after_header":"","ocean_has_shortcode":"","ocean_shortcode_after_title":"","ocean_shortcode_before_footer_widgets":"","ocean_shortcode_after_footer_widgets":"","ocean_shortcode_before_footer_bottom":"","ocean_shortcode_after_footer_bottom":"","ocean_display_top_bar":"default","ocean_display_header":"default","ocean_header_style":"","ocean_center_header_left_menu":"0","ocean_custom_header_template":"0","ocean_custom_logo":0,"ocean_custom_retina_logo":0,"ocean_custom_logo_max_width":0,"ocean_custom_logo_tablet_max_width":0,"ocean_custom_logo_mobile_max_width":0,"ocean_custom_logo_max_height":0,"ocean_custom_logo_tablet_max_height":0,"ocean_custom_logo_mobile_max_height":0,"ocean_header_custom_menu":"0","ocean_menu_typo_font_family":"0","ocean_menu_typo_font_subset":"","ocean_menu_typo_font_size":0,"ocean_menu_typo_font_size_tablet":0,"ocean_menu_typo_font_size_mobile":0,"ocean_menu_typo_font_size_unit":"px","ocean_menu_typo_font_weight":"","ocean_menu_typo_font_weight_tablet":"","ocean_menu_typo_font_weight_mobile":"","ocean_menu_typo_transform":"","ocean_menu_typo_transform_tablet":"","ocean_menu_typo_transform_mobile":"","ocean_menu_typo_line_height":0,"ocean_menu_typo_line_height_tablet":0,"ocean_menu_typo_line_height_mobile":0,"ocean_menu_typo_line_height_unit":"","ocean_menu_typo_spacing":0,"ocean_menu_typo_spacing_tablet":0,"ocean_menu_typo_spacing_mobile":0,"ocean_menu_typo_spacing_unit":"","ocean_menu_link_color":"","ocean_menu_link_color_hover":"","ocean_menu_link_color_active":"","ocean_menu_link_background":"","ocean_menu_link_hover_background":"","ocean_menu_link_active_background":"","ocean_menu_social_links_bg":"","ocean_menu_social_hover_links_bg":"","ocean_menu_social_links_color":"","ocean_menu_social_hover_links_color":"","ocean_disable_title":"default","ocean_disable_heading":"default","ocean_post_title":"","ocean_post_subheading":"","ocean_post_title_style":"","ocean_post_title_background_color":"","ocean_post_title_background":0,"ocean_post_title_bg_image_position":"","ocean_post_title_bg_image_attachment":"","ocean_post_title_bg_image_repeat":"","ocean_post_title_bg_image_size":"","ocean_post_title_height":0,"ocean_post_title_bg_overlay":0.5,"ocean_post_title_bg_overlay_color":"","ocean_disable_breadcrumbs":"default","ocean_breadcrumbs_color":"","ocean_breadcrumbs_separator_color":"","ocean_breadcrumbs_links_color":"","ocean_breadcrumbs_links_hover_color":"","ocean_display_footer_widgets":"default","ocean_display_footer_bottom":"default","ocean_custom_footer_template":"0","footnotes":""},"class_list":["post-3546","page","type-page","status-publish","hentry","entry"],"yoast_head":"<!-- This site is optimized with the Yoast SEO plugin v27.4 - https:\/\/yoast.com\/product\/yoast-seo-wordpress\/ -->\n<title>FORMATION - Group ABM<\/title>\n<meta name=\"description\" content=\"Nos formations de management strat\u00e9gique et de conformit\u00e9 est essentielle pour la p\u00e9rennit\u00e9 de vos soci\u00e9t\u00e9s...\" \/>\n<meta name=\"robots\" content=\"index, follow, max-snippet:-1, max-image-preview:large, max-video-preview:-1\" \/>\n<link rel=\"canonical\" href=\"https:\/\/groupabm.com\/en\/formation\/\" \/>\n<meta property=\"og:locale\" content=\"en_GB\" \/>\n<meta property=\"og:type\" content=\"article\" \/>\n<meta property=\"og:title\" content=\"FORMATION - Group ABM\" \/>\n<meta property=\"og:description\" content=\"Nos formations de management strat\u00e9gique et de conformit\u00e9 est essentielle pour la p\u00e9rennit\u00e9 de vos soci\u00e9t\u00e9s...\" \/>\n<meta property=\"og:url\" content=\"https:\/\/groupabm.com\/en\/formation\/\" \/>\n<meta property=\"og:site_name\" content=\"Group ABM\" \/>\n<meta property=\"article:publisher\" content=\"https:\/\/www.facebook.com\/GroupABM\/\" \/>\n<meta property=\"article:modified_time\" content=\"2023-07-23T16:58:57+00:00\" \/>\n<meta property=\"og:image\" content=\"https:\/\/groupabm.com\/wp-content\/uploads\/2023\/04\/Group_ABM.jpg\" \/>\n\t<meta property=\"og:image:width\" content=\"720\" \/>\n\t<meta property=\"og:image:height\" content=\"351\" \/>\n\t<meta property=\"og:image:type\" content=\"image\/jpeg\" \/>\n<meta name=\"twitter:card\" content=\"summary_large_image\" \/>\n<meta name=\"twitter:site\" content=\"@GroupementABM\" \/>\n<meta name=\"twitter:label1\" content=\"Estimated reading time\" \/>\n\t<meta name=\"twitter:data1\" content=\"1 minute\" \/>\n<script type=\"application\/ld+json\" class=\"yoast-schema-graph\">{\"@context\":\"https:\\\/\\\/schema.org\",\"@graph\":[{\"@type\":\"WebPage\",\"@id\":\"https:\\\/\\\/groupabm.com\\\/formation\\\/\",\"url\":\"https:\\\/\\\/groupabm.com\\\/formation\\\/\",\"name\":\"FORMATION - Group ABM\",\"isPartOf\":{\"@id\":\"https:\\\/\\\/groupabm.com\\\/#website\"},\"datePublished\":\"2023-01-14T21:13:35+00:00\",\"dateModified\":\"2023-07-23T16:58:57+00:00\",\"description\":\"Nos formations de management strat\u00e9gique et de conformit\u00e9 est essentielle pour la p\u00e9rennit\u00e9 de vos soci\u00e9t\u00e9s...\",\"breadcrumb\":{\"@id\":\"https:\\\/\\\/groupabm.com\\\/formation\\\/#breadcrumb\"},\"inLanguage\":\"en-GB\",\"potentialAction\":[{\"@type\":\"ReadAction\",\"target\":[\"https:\\\/\\\/groupabm.com\\\/formation\\\/\"]}]},{\"@type\":\"BreadcrumbList\",\"@id\":\"https:\\\/\\\/groupabm.com\\\/formation\\\/#breadcrumb\",\"itemListElement\":[{\"@type\":\"ListItem\",\"position\":1,\"name\":\"Accueil\",\"item\":\"https:\\\/\\\/groupabm.com\\\/\"},{\"@type\":\"ListItem\",\"position\":2,\"name\":\"FORMATION\"}]},{\"@type\":\"WebSite\",\"@id\":\"https:\\\/\\\/groupabm.com\\\/#website\",\"url\":\"https:\\\/\\\/groupabm.com\\\/\",\"name\":\"Group ABM\",\"description\":\"Expertise at the service of the industry\",\"publisher\":{\"@id\":\"https:\\\/\\\/groupabm.com\\\/#organization\"},\"potentialAction\":[{\"@type\":\"SearchAction\",\"target\":{\"@type\":\"EntryPoint\",\"urlTemplate\":\"https:\\\/\\\/groupabm.com\\\/?s={search_term_string}\"},\"query-input\":{\"@type\":\"PropertyValueSpecification\",\"valueRequired\":true,\"valueName\":\"search_term_string\"}}],\"inLanguage\":\"en-GB\"},{\"@type\":\"Organization\",\"@id\":\"https:\\\/\\\/groupabm.com\\\/#organization\",\"name\":\"Group ABM\",\"url\":\"https:\\\/\\\/groupabm.com\\\/\",\"logo\":{\"@type\":\"ImageObject\",\"inLanguage\":\"en-GB\",\"@id\":\"https:\\\/\\\/groupabm.com\\\/#\\\/schema\\\/logo\\\/image\\\/\",\"url\":\"https:\\\/\\\/groupabm.com\\\/wp-content\\\/uploads\\\/2023\\\/04\\\/cropped-cropped-Group_ABM_Logo.png\",\"contentUrl\":\"https:\\\/\\\/groupabm.com\\\/wp-content\\\/uploads\\\/2023\\\/04\\\/cropped-cropped-Group_ABM_Logo.png\",\"width\":1051,\"height\":144,\"caption\":\"Group ABM\"},\"image\":{\"@id\":\"https:\\\/\\\/groupabm.com\\\/#\\\/schema\\\/logo\\\/image\\\/\"},\"sameAs\":[\"https:\\\/\\\/www.facebook.com\\\/GroupABM\\\/\",\"https:\\\/\\\/x.com\\\/GroupementABM\",\"https:\\\/\\\/www.linkedin.com\\\/company\\\/groupabm\\\/\"]}]}<\/script>\n<!-- \/ Yoast SEO plugin. -->","yoast_head_json":{"title":"FORMATION - Group ABM","description":"Nos formations de management strat\u00e9gique et de conformit\u00e9 est essentielle pour la p\u00e9rennit\u00e9 de vos soci\u00e9t\u00e9s...","robots":{"index":"index","follow":"follow","max-snippet":"max-snippet:-1","max-image-preview":"max-image-preview:large","max-video-preview":"max-video-preview:-1"},"canonical":"https:\/\/groupabm.com\/en\/formation\/","og_locale":"en_GB","og_type":"article","og_title":"FORMATION - Group ABM","og_description":"Nos formations de management strat\u00e9gique et de conformit\u00e9 est essentielle pour la p\u00e9rennit\u00e9 de vos soci\u00e9t\u00e9s...","og_url":"https:\/\/groupabm.com\/en\/formation\/","og_site_name":"Group ABM","article_publisher":"https:\/\/www.facebook.com\/GroupABM\/","article_modified_time":"2023-07-23T16:58:57+00:00","og_image":[{"width":720,"height":351,"url":"https:\/\/groupabm.com\/wp-content\/uploads\/2023\/04\/Group_ABM.jpg","type":"image\/jpeg"}],"twitter_card":"summary_large_image","twitter_site":"@GroupementABM","twitter_misc":{"Estimated reading time":"1 minute"},"schema":{"@context":"https:\/\/schema.org","@graph":[{"@type":"WebPage","@id":"https:\/\/groupabm.com\/formation\/","url":"https:\/\/groupabm.com\/formation\/","name":"FORMATION - Group ABM","isPartOf":{"@id":"https:\/\/groupabm.com\/#website"},"datePublished":"2023-01-14T21:13:35+00:00","dateModified":"2023-07-23T16:58:57+00:00","description":"Nos formations de management strat\u00e9gique et de conformit\u00e9 est essentielle pour la p\u00e9rennit\u00e9 de vos soci\u00e9t\u00e9s...","breadcrumb":{"@id":"https:\/\/groupabm.com\/formation\/#breadcrumb"},"inLanguage":"en-GB","potentialAction":[{"@type":"ReadAction","target":["https:\/\/groupabm.com\/formation\/"]}]},{"@type":"BreadcrumbList","@id":"https:\/\/groupabm.com\/formation\/#breadcrumb","itemListElement":[{"@type":"ListItem","position":1,"name":"Accueil","item":"https:\/\/groupabm.com\/"},{"@type":"ListItem","position":2,"name":"FORMATION"}]},{"@type":"WebSite","@id":"https:\/\/groupabm.com\/#website","url":"https:\/\/groupabm.com\/","name":"Group ABM","description":"Expertise at the service of the industry","publisher":{"@id":"https:\/\/groupabm.com\/#organization"},"potentialAction":[{"@type":"SearchAction","target":{"@type":"EntryPoint","urlTemplate":"https:\/\/groupabm.com\/?s={search_term_string}"},"query-input":{"@type":"PropertyValueSpecification","valueRequired":true,"valueName":"search_term_string"}}],"inLanguage":"en-GB"},{"@type":"Organization","@id":"https:\/\/groupabm.com\/#organization","name":"Group ABM","url":"https:\/\/groupabm.com\/","logo":{"@type":"ImageObject","inLanguage":"en-GB","@id":"https:\/\/groupabm.com\/#\/schema\/logo\/image\/","url":"https:\/\/groupabm.com\/wp-content\/uploads\/2023\/04\/cropped-cropped-Group_ABM_Logo.png","contentUrl":"https:\/\/groupabm.com\/wp-content\/uploads\/2023\/04\/cropped-cropped-Group_ABM_Logo.png","width":1051,"height":144,"caption":"Group ABM"},"image":{"@id":"https:\/\/groupabm.com\/#\/schema\/logo\/image\/"},"sameAs":["https:\/\/www.facebook.com\/GroupABM\/","https:\/\/x.com\/GroupementABM","https:\/\/www.linkedin.com\/company\/groupabm\/"]}]}},"_links":{"self":[{"href":"https:\/\/groupabm.com\/en\/wp-json\/wp\/v2\/pages\/3546","targetHints":{"allow":["GET"]}}],"collection":[{"href":"https:\/\/groupabm.com\/en\/wp-json\/wp\/v2\/pages"}],"about":[{"href":"https:\/\/groupabm.com\/en\/wp-json\/wp\/v2\/types\/page"}],"author":[{"embeddable":true,"href":"https:\/\/groupabm.com\/en\/wp-json\/wp\/v2\/users\/1"}],"replies":[{"embeddable":true,"href":"https:\/\/groupabm.com\/en\/wp-json\/wp\/v2\/comments?post=3546"}],"version-history":[{"count":138,"href":"https:\/\/groupabm.com\/en\/wp-json\/wp\/v2\/pages\/3546\/revisions"}],"predecessor-version":[{"id":6941,"href":"https:\/\/groupabm.com\/en\/wp-json\/wp\/v2\/pages\/3546\/revisions\/6941"}],"wp:attachment":[{"href":"https:\/\/groupabm.com\/en\/wp-json\/wp\/v2\/media?parent=3546"}],"curies":[{"name":"wp","href":"https:\/\/api.w.org\/{rel}","templated":true}]}}