{"id":3533,"date":"2023-02-26T00:29:36","date_gmt":"2023-02-25T23:29:36","guid":{"rendered":"https:\/\/groupabm.com\/?page_id=3533"},"modified":"2025-09-10T17:41:21","modified_gmt":"2025-09-10T15:41:21","slug":"a-propos","status":"publish","type":"page","link":"https:\/\/groupabm.com\/en\/a-propos\/","title":{"rendered":"ABOUT US"},"content":{"rendered":"<div data-elementor-type=\"wp-page\" data-elementor-id=\"3533\" class=\"elementor elementor-3533\" data-elementor-post-type=\"page\">\n\t\t\t\t\t\t<section class=\"elementor-section elementor-top-section elementor-element elementor-element-c01aa00 elementor-section-height-min-height elementor-section-boxed elementor-section-height-default elementor-section-items-middle\" data-id=\"c01aa00\" data-element_type=\"section\" data-e-type=\"section\">\n\t\t\t\t\t\t<div class=\"elementor-container elementor-column-gap-default\">\n\t\t\t\t\t<div class=\"elementor-column elementor-col-66 elementor-top-column elementor-element elementor-element-9232703\" data-id=\"9232703\" data-element_type=\"column\" data-e-type=\"column\">\n\t\t\t<div class=\"elementor-widget-wrap elementor-element-populated\">\n\t\t\t\t\t\t<div class=\"elementor-element elementor-element-8283838 elementor-invisible elementor-widget elementor-widget-heading\" data-id=\"8283838\" data-element_type=\"widget\" data-e-type=\"widget\" data-settings=\"{&quot;_animation&quot;:&quot;fadeInUp&quot;}\" data-widget_type=\"heading.default\">\n\t\t\t\t<div class=\"elementor-widget-container\">\n\t\t\t\t\t<h1 class=\"elementor-heading-title elementor-size-default\">Who we are ?<\/h1>\t\t\t\t<\/div>\n\t\t\t\t<\/div>\n\t\t\t\t<div class=\"elementor-element elementor-element-8f8560a elementor-widget-divider--view-line elementor-invisible elementor-widget elementor-widget-divider\" data-id=\"8f8560a\" data-element_type=\"widget\" data-e-type=\"widget\" data-settings=\"{&quot;_animation&quot;:&quot;fadeInLeft&quot;}\" data-widget_type=\"divider.default\">\n\t\t\t\t<div class=\"elementor-widget-container\">\n\t\t\t\t\t\t\t<div class=\"elementor-divider\">\n\t\t\t<span class=\"elementor-divider-separator\">\n\t\t\t\t\t\t<\/span>\n\t\t<\/div>\n\t\t\t\t\t\t<\/div>\n\t\t\t\t<\/div>\n\t\t\t\t<div class=\"elementor-element elementor-element-96140a7 elementor-invisible elementor-widget elementor-widget-text-editor\" data-id=\"96140a7\" data-element_type=\"widget\" data-e-type=\"widget\" data-settings=\"{&quot;_animation&quot;:&quot;fadeInUp&quot;}\" data-widget_type=\"text-editor.default\">\n\t\t\t\t<div class=\"elementor-widget-container\">\n\t\t\t\t\t\t\t\t\t<div data-id=\"e63ee01\" data-element_type=\"column\" data-settings=\"{&quot;background_background&quot;:&quot;classic&quot;}\"><div><div data-id=\"779deb7\" data-element_type=\"widget\" data-widget_type=\"heading.default\"><div><p class=\"translation-block\"><b>Group ABM<\/b> is a Franco-British global player, recognized for its expertise in <b>technological innovation, industrial engineering, and the deployment of intelligent solutions.<\/b><\/p><p>We support companies in their technological transformation through a comprehensive approach, combining artificial intelligence, strategic consulting, specialized training, and turnkey industrial solutions.<\/p><p>Our services cover a wide variety of industrial sectors: healthcare, energy, chemicals, metallurgy, automotive, rail, agri-food, water treatment, defense, and many others.<\/p><p>Building on a culture of excellence, proven technical expertise, and a global network of leading industrial partners, Group ABM offers tailor-made, high-value solutions.<\/p><\/div><\/div><\/div><\/div>\t\t\t\t\t\t\t\t<\/div>\n\t\t\t\t<\/div>\n\t\t\t\t<div class=\"elementor-element elementor-element-c3edc75 elementor-invisible elementor-widget elementor-widget-text-editor\" data-id=\"c3edc75\" data-element_type=\"widget\" data-e-type=\"widget\" data-settings=\"{&quot;_animation&quot;:&quot;fadeInUp&quot;}\" data-widget_type=\"text-editor.default\">\n\t\t\t\t<div class=\"elementor-widget-container\">\n\t\t\t\t\t\t\t\t\t<p><strong><b>Our industrial expertise centers in the field of Motion include:<\/b><\/strong><\/p><ul><li style=\"list-style-type: none;\"><ul><li style=\"list-style-type: none;\"><ul style=\"list-style-type: disc;\"><li>The manufacture of high-performance industrial motors, based on the latest energy efficiency standards (IE2 to IE6). Robust and designed to last, they adapt to the specific needs of each project while minimizing environmental impact.<\/li><li>The design and production of custom transformers, meeting the most demanding technical constraints in terms of performance and safety.<\/li><li class=\"translation-block\">The development, manufacture and distribution of bearings through our specialist brand <strong>TSA Bearing<\/strong>, renowned for its reliability, precision and ability to meet complex mechanical constraints.<\/li><li class=\"translation-block\">The marketing of industrial solutions via our marketplace <span style=\"color: #000000\"><strong>Radper<\/strong>: a B2B and B2C platform active in Europe, the United Kingdom, North Africa and Asia. <span style=\"color: #000000\">Radper<\/span> offers a complete range of industrial products at competitive prices, with personalized support and optimized logistics. It is part of a sustainable vision, focused on the circular economy and environmental performance.<\/li><\/ul><\/li><\/ul><\/li><\/ul><p>Thanks to the synergy of our technical and commercial expertise, we help manufacturers optimize their performance, modernize their production tools and integrate advanced technologies such as AI and predictive maintenance, to meet today's challenges and anticipate those of tomorrow.<\/p>\t\t\t\t\t\t\t\t<\/div>\n\t\t\t\t<\/div>\n\t\t\t\t\t<\/div>\n\t\t<\/div>\n\t\t\t\t<div class=\"elementor-column elementor-col-33 elementor-top-column elementor-element elementor-element-d806d42\" data-id=\"d806d42\" data-element_type=\"column\" data-e-type=\"column\" data-settings=\"{&quot;animation&quot;:&quot;none&quot;}\">\n\t\t\t<div class=\"elementor-widget-wrap elementor-element-populated\">\n\t\t\t\t\t\t<div class=\"elementor-element elementor-element-fd835bc elementor-invisible elementor-widget elementor-widget-image\" data-id=\"fd835bc\" data-element_type=\"widget\" data-e-type=\"widget\" data-settings=\"{&quot;_animation&quot;:&quot;fadeInUp&quot;}\" data-widget_type=\"image.default\">\n\t\t\t\t<div class=\"elementor-widget-container\">\n\t\t\t\t\t\t\t\t\t\t\t\t\t\t\t<img fetchpriority=\"high\" decoding=\"async\" width=\"640\" height=\"480\" src=\"https:\/\/groupabm.com\/wp-content\/uploads\/2023\/04\/Batiment.jpg\" class=\"attachment-full size-full wp-image-6621\" alt=\"Soci\u00e9t\u00e9 Group ABM\" srcset=\"https:\/\/groupabm.com\/wp-content\/uploads\/2023\/04\/Batiment.jpg 640w, https:\/\/groupabm.com\/wp-content\/uploads\/2023\/04\/Batiment-300x225.jpg 300w, https:\/\/groupabm.com\/wp-content\/uploads\/2023\/04\/Batiment-16x12.jpg 16w\" sizes=\"(max-width: 640px) 100vw, 640px\" \/>\t\t\t\t\t\t\t\t\t\t\t\t\t\t\t<\/div>\n\t\t\t\t<\/div>\n\t\t\t\t<div class=\"elementor-element elementor-element-410918c elementor-align-left elementor-invisible elementor-widget elementor-widget-global elementor-global-5029 elementor-widget-button\" data-id=\"410918c\" data-element_type=\"widget\" data-e-type=\"widget\" data-settings=\"{&quot;_animation&quot;:&quot;fadeInUp&quot;,&quot;_animation_delay&quot;:1000}\" data-widget_type=\"button.default\">\n\t\t\t\t<div class=\"elementor-widget-container\">\n\t\t\t\t\t\t\t\t\t<div class=\"elementor-button-wrapper\">\n\t\t\t\t\t<a class=\"elementor-button elementor-button-link elementor-size-xs\" href=\"https:\/\/groupabm.com\/en\/contact\/\">\n\t\t\t\t\t\t<span class=\"elementor-button-content-wrapper\">\n\t\t\t\t\t\t\t\t\t<span class=\"elementor-button-text\">Contact us<\/span>\n\t\t\t\t\t<\/span>\n\t\t\t\t\t<\/a>\n\t\t\t\t<\/div>\n\t\t\t\t\t\t\t\t<\/div>\n\t\t\t\t<\/div>\n\t\t\t\t\t<\/div>\n\t\t<\/div>\n\t\t\t\t\t<\/div>\n\t\t<\/section>\n\t\t\t\t<\/div>","protected":false},"excerpt":{"rendered":"<p>Qui sommes nous ? Group ABM est un acteur franco-britannique \u00e0 dimension mondiale, reconnu pour son expertise dans l\u2019innovation technologique, l\u2019ing\u00e9nierie industrielle et le d\u00e9ploiement de solutions intelligentes. Nous accompagnons les entreprises dans leur transformation technologique \u00e0 travers une approche compl\u00e8te, combinant intelligence artificielle, conseil strat\u00e9gique, formation sp\u00e9cialis\u00e9e et solutions industrielles cl\u00e9s en main. Nos [&hellip;]<\/p>\n","protected":false},"author":1,"featured_media":0,"parent":0,"menu_order":10,"comment_status":"closed","ping_status":"closed","template":"","meta":{"ocean_post_layout":"full-screen","ocean_both_sidebars_style":"","ocean_both_sidebars_content_width":0,"ocean_both_sidebars_sidebars_width":0,"ocean_sidebar":"0","ocean_second_sidebar":"0","ocean_disable_margins":"enable","ocean_add_body_class":"","ocean_shortcode_before_top_bar":"","ocean_shortcode_after_top_bar":"","ocean_shortcode_before_header":"","ocean_shortcode_after_header":"","ocean_has_shortcode":"","ocean_shortcode_after_title":"","ocean_shortcode_before_footer_widgets":"","ocean_shortcode_after_footer_widgets":"","ocean_shortcode_before_footer_bottom":"","ocean_shortcode_after_footer_bottom":"","ocean_display_top_bar":"default","ocean_display_header":"default","ocean_header_style":"","ocean_center_header_left_menu":"0","ocean_custom_header_template":"0","ocean_custom_logo":0,"ocean_custom_retina_logo":0,"ocean_custom_logo_max_width":0,"ocean_custom_logo_tablet_max_width":0,"ocean_custom_logo_mobile_max_width":0,"ocean_custom_logo_max_height":0,"ocean_custom_logo_tablet_max_height":0,"ocean_custom_logo_mobile_max_height":0,"ocean_header_custom_menu":"0","ocean_menu_typo_font_family":"0","ocean_menu_typo_font_subset":"","ocean_menu_typo_font_size":0,"ocean_menu_typo_font_size_tablet":0,"ocean_menu_typo_font_size_mobile":0,"ocean_menu_typo_font_size_unit":"px","ocean_menu_typo_font_weight":"","ocean_menu_typo_font_weight_tablet":"","ocean_menu_typo_font_weight_mobile":"","ocean_menu_typo_transform":"","ocean_menu_typo_transform_tablet":"","ocean_menu_typo_transform_mobile":"","ocean_menu_typo_line_height":0,"ocean_menu_typo_line_height_tablet":0,"ocean_menu_typo_line_height_mobile":0,"ocean_menu_typo_line_height_unit":"","ocean_menu_typo_spacing":0,"ocean_menu_typo_spacing_tablet":0,"ocean_menu_typo_spacing_mobile":0,"ocean_menu_typo_spacing_unit":"","ocean_menu_link_color":"","ocean_menu_link_color_hover":"","ocean_menu_link_color_active":"","ocean_menu_link_background":"","ocean_menu_link_hover_background":"","ocean_menu_link_active_background":"","ocean_menu_social_links_bg":"","ocean_menu_social_hover_links_bg":"","ocean_menu_social_links_color":"","ocean_menu_social_hover_links_color":"","ocean_disable_title":"default","ocean_disable_heading":"default","ocean_post_title":"","ocean_post_subheading":"","ocean_post_title_style":"","ocean_post_title_background_color":"","ocean_post_title_background":0,"ocean_post_title_bg_image_position":"","ocean_post_title_bg_image_attachment":"","ocean_post_title_bg_image_repeat":"","ocean_post_title_bg_image_size":"","ocean_post_title_height":0,"ocean_post_title_bg_overlay":0.5,"ocean_post_title_bg_overlay_color":"","ocean_disable_breadcrumbs":"default","ocean_breadcrumbs_color":"","ocean_breadcrumbs_separator_color":"","ocean_breadcrumbs_links_color":"","ocean_breadcrumbs_links_hover_color":"","ocean_display_footer_widgets":"default","ocean_display_footer_bottom":"default","ocean_custom_footer_template":"0","footnotes":""},"class_list":["post-3533","page","type-page","status-publish","hentry","entry"],"yoast_head":"<!-- This site is optimized with the Yoast SEO plugin v27.5 - https:\/\/yoast.com\/product\/yoast-seo-wordpress\/ -->\n<title>Activit\u00e9 de la soci\u00e9t\u00e9 - Group ABM<\/title>\n<meta name=\"description\" content=\"Distributeur de mat\u00e9riels industriels, expertise, conseil en ing\u00e9nierie, formation en management et conformit\u00e9...\" \/>\n<meta name=\"robots\" content=\"index, follow, max-snippet:-1, max-image-preview:large, max-video-preview:-1\" \/>\n<link rel=\"canonical\" href=\"https:\/\/groupabm.com\/en\/a-propos\/\" \/>\n<meta property=\"og:locale\" content=\"en_GB\" \/>\n<meta property=\"og:type\" content=\"article\" \/>\n<meta property=\"og:title\" content=\"Activit\u00e9 de la soci\u00e9t\u00e9 - Group ABM\" \/>\n<meta property=\"og:description\" content=\"Distributeur de mat\u00e9riels industriels, expertise, conseil en ing\u00e9nierie, formation en management et conformit\u00e9...\" \/>\n<meta property=\"og:url\" content=\"https:\/\/groupabm.com\/en\/a-propos\/\" \/>\n<meta property=\"og:site_name\" content=\"Group ABM\" \/>\n<meta property=\"article:publisher\" content=\"https:\/\/www.facebook.com\/GroupABM\/\" \/>\n<meta property=\"article:modified_time\" content=\"2025-09-10T15:41:21+00:00\" \/>\n<meta property=\"og:image\" content=\"https:\/\/groupabm.com\/wp-content\/uploads\/2023\/04\/Batiment.jpg\" \/>\n\t<meta property=\"og:image:width\" content=\"640\" \/>\n\t<meta property=\"og:image:height\" content=\"480\" \/>\n\t<meta property=\"og:image:type\" content=\"image\/jpeg\" \/>\n<meta name=\"twitter:card\" content=\"summary_large_image\" \/>\n<meta name=\"twitter:site\" content=\"@GroupementABM\" \/>\n<meta name=\"twitter:label1\" content=\"Estimated reading time\" \/>\n\t<meta name=\"twitter:data1\" content=\"2 minutes\" \/>\n<script type=\"application\/ld+json\" class=\"yoast-schema-graph\">{\"@context\":\"https:\\\/\\\/schema.org\",\"@graph\":[{\"@type\":\"WebPage\",\"@id\":\"https:\\\/\\\/groupabm.com\\\/a-propos\\\/\",\"url\":\"https:\\\/\\\/groupabm.com\\\/a-propos\\\/\",\"name\":\"Activit\u00e9 de la soci\u00e9t\u00e9 - Group ABM\",\"isPartOf\":{\"@id\":\"https:\\\/\\\/groupabm.com\\\/#website\"},\"primaryImageOfPage\":{\"@id\":\"https:\\\/\\\/groupabm.com\\\/a-propos\\\/#primaryimage\"},\"image\":{\"@id\":\"https:\\\/\\\/groupabm.com\\\/a-propos\\\/#primaryimage\"},\"thumbnailUrl\":\"https:\\\/\\\/groupabm.com\\\/wp-content\\\/uploads\\\/2023\\\/04\\\/Batiment.jpg\",\"datePublished\":\"2023-02-25T23:29:36+00:00\",\"dateModified\":\"2025-09-10T15:41:21+00:00\",\"description\":\"Distributeur de mat\u00e9riels industriels, expertise, conseil en ing\u00e9nierie, formation en management et conformit\u00e9...\",\"breadcrumb\":{\"@id\":\"https:\\\/\\\/groupabm.com\\\/a-propos\\\/#breadcrumb\"},\"inLanguage\":\"en-GB\",\"potentialAction\":[{\"@type\":\"ReadAction\",\"target\":[\"https:\\\/\\\/groupabm.com\\\/a-propos\\\/\"]}]},{\"@type\":\"ImageObject\",\"inLanguage\":\"en-GB\",\"@id\":\"https:\\\/\\\/groupabm.com\\\/a-propos\\\/#primaryimage\",\"url\":\"https:\\\/\\\/groupabm.com\\\/wp-content\\\/uploads\\\/2023\\\/04\\\/Batiment.jpg\",\"contentUrl\":\"https:\\\/\\\/groupabm.com\\\/wp-content\\\/uploads\\\/2023\\\/04\\\/Batiment.jpg\"},{\"@type\":\"BreadcrumbList\",\"@id\":\"https:\\\/\\\/groupabm.com\\\/a-propos\\\/#breadcrumb\",\"itemListElement\":[{\"@type\":\"ListItem\",\"position\":1,\"name\":\"Accueil\",\"item\":\"https:\\\/\\\/groupabm.com\\\/\"},{\"@type\":\"ListItem\",\"position\":2,\"name\":\"\u00c0 PROPOS\"}]},{\"@type\":\"WebSite\",\"@id\":\"https:\\\/\\\/groupabm.com\\\/#website\",\"url\":\"https:\\\/\\\/groupabm.com\\\/\",\"name\":\"Group ABM\",\"description\":\"Expertise at the service of the industry\",\"publisher\":{\"@id\":\"https:\\\/\\\/groupabm.com\\\/#organization\"},\"potentialAction\":[{\"@type\":\"SearchAction\",\"target\":{\"@type\":\"EntryPoint\",\"urlTemplate\":\"https:\\\/\\\/groupabm.com\\\/?s={search_term_string}\"},\"query-input\":{\"@type\":\"PropertyValueSpecification\",\"valueRequired\":true,\"valueName\":\"search_term_string\"}}],\"inLanguage\":\"en-GB\"},{\"@type\":\"Organization\",\"@id\":\"https:\\\/\\\/groupabm.com\\\/#organization\",\"name\":\"Group ABM\",\"url\":\"https:\\\/\\\/groupabm.com\\\/\",\"logo\":{\"@type\":\"ImageObject\",\"inLanguage\":\"en-GB\",\"@id\":\"https:\\\/\\\/groupabm.com\\\/#\\\/schema\\\/logo\\\/image\\\/\",\"url\":\"https:\\\/\\\/groupabm.com\\\/wp-content\\\/uploads\\\/2023\\\/04\\\/cropped-cropped-Group_ABM_Logo.png\",\"contentUrl\":\"https:\\\/\\\/groupabm.com\\\/wp-content\\\/uploads\\\/2023\\\/04\\\/cropped-cropped-Group_ABM_Logo.png\",\"width\":1051,\"height\":144,\"caption\":\"Group ABM\"},\"image\":{\"@id\":\"https:\\\/\\\/groupabm.com\\\/#\\\/schema\\\/logo\\\/image\\\/\"},\"sameAs\":[\"https:\\\/\\\/www.facebook.com\\\/GroupABM\\\/\",\"https:\\\/\\\/x.com\\\/GroupementABM\",\"https:\\\/\\\/www.linkedin.com\\\/company\\\/groupabm\\\/\"]}]}<\/script>\n<!-- \/ Yoast SEO plugin. -->","yoast_head_json":{"title":"Activit\u00e9 de la soci\u00e9t\u00e9 - Group ABM","description":"Distributeur de mat\u00e9riels industriels, expertise, conseil en ing\u00e9nierie, formation en management et conformit\u00e9...","robots":{"index":"index","follow":"follow","max-snippet":"max-snippet:-1","max-image-preview":"max-image-preview:large","max-video-preview":"max-video-preview:-1"},"canonical":"https:\/\/groupabm.com\/en\/a-propos\/","og_locale":"en_GB","og_type":"article","og_title":"Activit\u00e9 de la soci\u00e9t\u00e9 - Group ABM","og_description":"Distributeur de mat\u00e9riels industriels, expertise, conseil en ing\u00e9nierie, formation en management et conformit\u00e9...","og_url":"https:\/\/groupabm.com\/en\/a-propos\/","og_site_name":"Group ABM","article_publisher":"https:\/\/www.facebook.com\/GroupABM\/","article_modified_time":"2025-09-10T15:41:21+00:00","og_image":[{"width":640,"height":480,"url":"https:\/\/groupabm.com\/wp-content\/uploads\/2023\/04\/Batiment.jpg","type":"image\/jpeg"}],"twitter_card":"summary_large_image","twitter_site":"@GroupementABM","twitter_misc":{"Estimated reading time":"2 minutes"},"schema":{"@context":"https:\/\/schema.org","@graph":[{"@type":"WebPage","@id":"https:\/\/groupabm.com\/a-propos\/","url":"https:\/\/groupabm.com\/a-propos\/","name":"Activit\u00e9 de la soci\u00e9t\u00e9 - Group ABM","isPartOf":{"@id":"https:\/\/groupabm.com\/#website"},"primaryImageOfPage":{"@id":"https:\/\/groupabm.com\/a-propos\/#primaryimage"},"image":{"@id":"https:\/\/groupabm.com\/a-propos\/#primaryimage"},"thumbnailUrl":"https:\/\/groupabm.com\/wp-content\/uploads\/2023\/04\/Batiment.jpg","datePublished":"2023-02-25T23:29:36+00:00","dateModified":"2025-09-10T15:41:21+00:00","description":"Distributeur de mat\u00e9riels industriels, expertise, conseil en ing\u00e9nierie, formation en management et conformit\u00e9...","breadcrumb":{"@id":"https:\/\/groupabm.com\/a-propos\/#breadcrumb"},"inLanguage":"en-GB","potentialAction":[{"@type":"ReadAction","target":["https:\/\/groupabm.com\/a-propos\/"]}]},{"@type":"ImageObject","inLanguage":"en-GB","@id":"https:\/\/groupabm.com\/a-propos\/#primaryimage","url":"https:\/\/groupabm.com\/wp-content\/uploads\/2023\/04\/Batiment.jpg","contentUrl":"https:\/\/groupabm.com\/wp-content\/uploads\/2023\/04\/Batiment.jpg"},{"@type":"BreadcrumbList","@id":"https:\/\/groupabm.com\/a-propos\/#breadcrumb","itemListElement":[{"@type":"ListItem","position":1,"name":"Accueil","item":"https:\/\/groupabm.com\/"},{"@type":"ListItem","position":2,"name":"\u00c0 PROPOS"}]},{"@type":"WebSite","@id":"https:\/\/groupabm.com\/#website","url":"https:\/\/groupabm.com\/","name":"Group ABM","description":"Expertise at the service of the industry","publisher":{"@id":"https:\/\/groupabm.com\/#organization"},"potentialAction":[{"@type":"SearchAction","target":{"@type":"EntryPoint","urlTemplate":"https:\/\/groupabm.com\/?s={search_term_string}"},"query-input":{"@type":"PropertyValueSpecification","valueRequired":true,"valueName":"search_term_string"}}],"inLanguage":"en-GB"},{"@type":"Organization","@id":"https:\/\/groupabm.com\/#organization","name":"Group ABM","url":"https:\/\/groupabm.com\/","logo":{"@type":"ImageObject","inLanguage":"en-GB","@id":"https:\/\/groupabm.com\/#\/schema\/logo\/image\/","url":"https:\/\/groupabm.com\/wp-content\/uploads\/2023\/04\/cropped-cropped-Group_ABM_Logo.png","contentUrl":"https:\/\/groupabm.com\/wp-content\/uploads\/2023\/04\/cropped-cropped-Group_ABM_Logo.png","width":1051,"height":144,"caption":"Group ABM"},"image":{"@id":"https:\/\/groupabm.com\/#\/schema\/logo\/image\/"},"sameAs":["https:\/\/www.facebook.com\/GroupABM\/","https:\/\/x.com\/GroupementABM","https:\/\/www.linkedin.com\/company\/groupabm\/"]}]}},"_links":{"self":[{"href":"https:\/\/groupabm.com\/en\/wp-json\/wp\/v2\/pages\/3533","targetHints":{"allow":["GET"]}}],"collection":[{"href":"https:\/\/groupabm.com\/en\/wp-json\/wp\/v2\/pages"}],"about":[{"href":"https:\/\/groupabm.com\/en\/wp-json\/wp\/v2\/types\/page"}],"author":[{"embeddable":true,"href":"https:\/\/groupabm.com\/en\/wp-json\/wp\/v2\/users\/1"}],"replies":[{"embeddable":true,"href":"https:\/\/groupabm.com\/en\/wp-json\/wp\/v2\/comments?post=3533"}],"version-history":[{"count":299,"href":"https:\/\/groupabm.com\/en\/wp-json\/wp\/v2\/pages\/3533\/revisions"}],"predecessor-version":[{"id":7399,"href":"https:\/\/groupabm.com\/en\/wp-json\/wp\/v2\/pages\/3533\/revisions\/7399"}],"wp:attachment":[{"href":"https:\/\/groupabm.com\/en\/wp-json\/wp\/v2\/media?parent=3533"}],"curies":[{"name":"wp","href":"https:\/\/api.w.org\/{rel}","templated":true}]}}